{"id":1663,"date":"2024-09-03T04:57:30","date_gmt":"2024-09-03T04:57:30","guid":{"rendered":"https:\/\/plinko77.com\/?page_id=1663"},"modified":"2024-09-03T04:58:23","modified_gmt":"2024-09-03T04:58:23","slug":"about-us","status":"publish","type":"page","link":"https:\/\/plinko77.com\/tr\/about-us\/","title":{"rendered":"Hakk\u0131m\u0131zda"},"content":{"rendered":"<div data-elementor-type=\"wp-page\" data-elementor-id=\"1663\" class=\"elementor elementor-1663\">\n\t\t\t\t\t\t<section class=\"elementor-section elementor-top-section elementor-element elementor-element-a9534d0 elementor-section-boxed elementor-section-height-default elementor-section-height-default\" data-id=\"a9534d0\" data-element_type=\"section\" data-e-type=\"section\">\n\t\t\t\t\t\t<div class=\"elementor-container elementor-column-gap-default\">\n\t\t\t\t\t<div class=\"elementor-column elementor-col-100 elementor-top-column elementor-element elementor-element-af7209e\" data-id=\"af7209e\" data-element_type=\"column\" data-e-type=\"column\">\n\t\t\t<div class=\"elementor-widget-wrap elementor-element-populated\">\n\t\t\t\t\t\t<div class=\"elementor-element elementor-element-5c5e1a0 elementor-widget elementor-widget-spacer\" data-id=\"5c5e1a0\" data-element_type=\"widget\" data-e-type=\"widget\" data-widget_type=\"spacer.default\">\n\t\t\t\t<div class=\"elementor-widget-container\">\n\t\t\t\t\t\t\t<div class=\"elementor-spacer\">\n\t\t\t<div class=\"elementor-spacer-inner\"><\/div>\n\t\t<\/div>\n\t\t\t\t\t\t<\/div>\n\t\t\t\t<\/div>\n\t\t\t\t<div class=\"elementor-element elementor-element-000767e elementor-widget elementor-widget-heading\" data-id=\"000767e\" data-element_type=\"widget\" data-e-type=\"widget\" data-widget_type=\"heading.default\">\n\t\t\t\t<div class=\"elementor-widget-container\">\n\t\t\t\t\t<h1 class=\"elementor-heading-title elementor-size-default\">Biz Kimiz<\/h1>\t\t\t\t<\/div>\n\t\t\t\t<\/div>\n\t\t\t\t<div class=\"elementor-element elementor-element-9b21098 elementor-widget elementor-widget-text-editor\" data-id=\"9b21098\" data-element_type=\"widget\" data-e-type=\"widget\" data-widget_type=\"text-editor.default\">\n\t\t\t\t<div class=\"elementor-widget-container\">\n\t\t\t\t\t\t\t\t\t<p><span data-sheets-root=\"1\">Plinko77.com, Plinko'ya \u00f6zel bir odaklanma ile \u00e7evrimi\u00e7i slotlarla ilgili her \u015fey i\u00e7in \u00f6zel kayna\u011f\u0131n\u0131zd\u0131r. Amac\u0131m\u0131z, size oyun deneyiminizi geli\u015ftiren g\u00fcvenilir, anla\u015f\u0131l\u0131r bilgiler sunmakt\u0131r.<br \/><br \/>Taahh\u00fcd\u00fcm\u00fcz sadece ipu\u00e7lar\u0131n\u0131 ve incelemeleri payla\u015fman\u0131n \u00f6tesine ge\u00e7iyor. Sorumlu oyun oynamaya \u00f6ncelik veriyor, g\u00fcvenli ve ak\u0131ll\u0131ca oynamak i\u00e7in ara\u00e7lara ve bilgiye eri\u015fmenizi sa\u011fl\u0131yoruz. Olu\u015fturdu\u011fumuz her i\u00e7erik, sitemizde ge\u00e7irdi\u011finiz zaman\u0131 hem keyifli hem de bilgilendirici hale getirmeyi ama\u00e7lamaktad\u0131r.<br \/><br \/>Plinko77.com'un arkas\u0131ndaki ekip, \u00e7evrimi\u00e7i oyun end\u00fcstrisinde y\u0131llar\u0131n uzmanl\u0131\u011f\u0131n\u0131 getiren deneyimli profesyonellerden olu\u015fmaktad\u0131r. En sevdi\u011finiz oyunlar\u0131 oynarken bilin\u00e7li se\u00e7imler yapabilmeniz i\u00e7in hem do\u011fru hem de anla\u015f\u0131lmas\u0131 kolay i\u00e7erik sunma konusunda tutkuluyuz.<br \/><br \/>D\u00fcr\u00fcstl\u00fck, yapt\u0131\u011f\u0131m\u0131z i\u015fin merkezinde yer al\u0131r. Slot oyunlar\u0131 hakk\u0131nda d\u00fcr\u00fcst de\u011ferlendirmeler sunuyor, kararlar\u0131n\u0131z\u0131 y\u00f6nlendirmek i\u00e7in size net ve tarafs\u0131z bilgiler veriyoruz.<br \/><br \/>\u00c7evrimi\u00e7i oyun d\u00fcnyas\u0131 h\u0131zla de\u011fi\u015firken, her zaman bilgi sahibi olman\u0131z\u0131 sa\u011flamak i\u00e7in en son geli\u015fmeleri ve trendleri takip ediyoruz. \u0130ster Plinko'daki g\u00fcncellemeler ister yeni oyun \u00f6zellikleri olsun, sizi haberdar etmeye devam ediyoruz.<br \/><br \/>Plinko77.com, oyun yolculu\u011funuzu \u00f6nemli i\u00e7g\u00f6r\u00fcler ve g\u00fcncellemelerle desteklemek i\u00e7in burada. Biz sadece ba\u015fka bir inceleme sitesi de\u011filiz; \u00e7evrimi\u00e7i slot d\u00fcnyas\u0131ndaki orta\u011f\u0131n\u0131z\u0131z.<\/span><\/p>\t\t\t\t\t\t\t\t<\/div>\n\t\t\t\t<\/div>\n\t\t\t\t<div class=\"elementor-element elementor-element-a151b2f elementor-tablet-align-right elementor-mobile-align-center elementor-align-center elementor-widget elementor-widget-button\" data-id=\"a151b2f\" data-element_type=\"widget\" data-e-type=\"widget\" data-widget_type=\"button.default\">\n\t\t\t\t<div class=\"elementor-widget-container\">\n\t\t\t\t\t\t\t\t\t<div class=\"elementor-button-wrapper\">\n\t\t\t\t\t<a class=\"elementor-button elementor-button-link elementor-size-lg\" href=\"#\">\n\t\t\t\t\t\t<span class=\"elementor-button-content-wrapper\">\n\t\t\t\t\t\t\t\t\t<span class=\"elementor-button-text\">Plinko Oyna<\/span>\n\t\t\t\t\t<\/span>\n\t\t\t\t\t<\/a>\n\t\t\t\t<\/div>\n\t\t\t\t\t\t\t\t<\/div>\n\t\t\t\t<\/div>\n\t\t\t\t\t<\/div>\n\t\t<\/div>\n\t\t\t\t\t<\/div>\n\t\t<\/section>\n\t\t\t\t<\/div>","protected":false},"excerpt":{"rendered":"<p>Who We Are Plinko77.com is your dedicated resource for everything related to online slots, with a special focus on Plinko. Our goal is to provide you with reliable, straightforward information that enhances your gaming experience. Our commitment goes beyond just sharing tips and reviews. We prioritize responsible gaming, ensuring that you have access to tools [&hellip;]<\/p>\n","protected":false},"author":1,"featured_media":1538,"parent":0,"menu_order":0,"comment_status":"closed","ping_status":"closed","template":"","meta":{"footnotes":""},"class_list":["post-1663","page","type-page","status-publish","has-post-thumbnail","hentry"],"blocksy_meta":{"has_hero_section":"disabled","styles_descriptor":{"styles":{"desktop":"","tablet":"","mobile":""},"google_fonts":[],"version":6}},"yoast_head":"<!-- This site is optimized with the Yoast SEO plugin v27.3 - https:\/\/yoast.com\/product\/yoast-seo-wordpress\/ -->\n<title>About Us - Plinko 77<\/title>\n<meta name=\"robots\" content=\"index, follow, max-snippet:-1, max-image-preview:large, max-video-preview:-1\" \/>\n<link rel=\"canonical\" href=\"https:\/\/plinko77.com\/tr\/about-us\/\" \/>\n<meta property=\"og:locale\" content=\"tr_TR\" \/>\n<meta property=\"og:type\" content=\"article\" \/>\n<meta property=\"og:title\" content=\"About Us - Plinko 77\" \/>\n<meta property=\"og:description\" content=\"Who We Are Plinko77.com is your dedicated resource for everything related to online slots, with a special focus on Plinko. Our goal is to provide you with reliable, straightforward information that enhances your gaming experience. Our commitment goes beyond just sharing tips and reviews. We prioritize responsible gaming, ensuring that you have access to tools [&hellip;]\" \/>\n<meta property=\"og:url\" content=\"https:\/\/plinko77.com\/tr\/about-us\/\" \/>\n<meta property=\"og:site_name\" content=\"Plinko 77\" \/>\n<meta property=\"article:modified_time\" content=\"2024-09-03T04:58:23+00:00\" \/>\n<meta property=\"og:image\" content=\"https:\/\/plinko77.com\/wp-content\/uploads\/2024\/08\/cropped-plinko-online-casino-slot-min.png\" \/>\n\t<meta property=\"og:image:width\" content=\"512\" \/>\n\t<meta property=\"og:image:height\" content=\"512\" \/>\n\t<meta property=\"og:image:type\" content=\"image\/png\" \/>\n<meta name=\"twitter:card\" content=\"summary_large_image\" \/>\n<meta name=\"twitter:label1\" content=\"Tahmini okuma s\u00fcresi\" \/>\n\t<meta name=\"twitter:data1\" content=\"1 dakika\" \/>\n<script type=\"application\/ld+json\" class=\"yoast-schema-graph\">{\"@context\":\"https:\\\/\\\/schema.org\",\"@graph\":[{\"@type\":\"WebPage\",\"@id\":\"https:\\\/\\\/plinko77.com\\\/about-us\\\/\",\"url\":\"https:\\\/\\\/plinko77.com\\\/about-us\\\/\",\"name\":\"About Us - Plinko 77\",\"isPartOf\":{\"@id\":\"https:\\\/\\\/plinko77.com\\\/#website\"},\"primaryImageOfPage\":{\"@id\":\"https:\\\/\\\/plinko77.com\\\/about-us\\\/#primaryimage\"},\"image\":{\"@id\":\"https:\\\/\\\/plinko77.com\\\/about-us\\\/#primaryimage\"},\"thumbnailUrl\":\"https:\\\/\\\/plinko77.com\\\/wp-content\\\/uploads\\\/2024\\\/08\\\/cropped-plinko-online-casino-slot-min.png\",\"datePublished\":\"2024-09-03T04:57:30+00:00\",\"dateModified\":\"2024-09-03T04:58:23+00:00\",\"breadcrumb\":{\"@id\":\"https:\\\/\\\/plinko77.com\\\/about-us\\\/#breadcrumb\"},\"inLanguage\":\"tr\",\"potentialAction\":[{\"@type\":\"ReadAction\",\"target\":[\"https:\\\/\\\/plinko77.com\\\/about-us\\\/\"]}]},{\"@type\":\"ImageObject\",\"inLanguage\":\"tr\",\"@id\":\"https:\\\/\\\/plinko77.com\\\/about-us\\\/#primaryimage\",\"url\":\"https:\\\/\\\/plinko77.com\\\/wp-content\\\/uploads\\\/2024\\\/08\\\/cropped-plinko-online-casino-slot-min.png\",\"contentUrl\":\"https:\\\/\\\/plinko77.com\\\/wp-content\\\/uploads\\\/2024\\\/08\\\/cropped-plinko-online-casino-slot-min.png\",\"width\":512,\"height\":512,\"caption\":\"plinko77\"},{\"@type\":\"BreadcrumbList\",\"@id\":\"https:\\\/\\\/plinko77.com\\\/about-us\\\/#breadcrumb\",\"itemListElement\":[{\"@type\":\"ListItem\",\"position\":1,\"name\":\"Home\",\"item\":\"https:\\\/\\\/plinko77.com\\\/\"},{\"@type\":\"ListItem\",\"position\":2,\"name\":\"About Us\"}]},{\"@type\":\"WebSite\",\"@id\":\"https:\\\/\\\/plinko77.com\\\/#website\",\"url\":\"https:\\\/\\\/plinko77.com\\\/\",\"name\":\"Plinko 77\",\"description\":\"\",\"publisher\":{\"@id\":\"https:\\\/\\\/plinko77.com\\\/#organization\"},\"potentialAction\":[{\"@type\":\"SearchAction\",\"target\":{\"@type\":\"EntryPoint\",\"urlTemplate\":\"https:\\\/\\\/plinko77.com\\\/?s={search_term_string}\"},\"query-input\":{\"@type\":\"PropertyValueSpecification\",\"valueRequired\":true,\"valueName\":\"search_term_string\"}}],\"inLanguage\":\"tr\"},{\"@type\":\"Organization\",\"@id\":\"https:\\\/\\\/plinko77.com\\\/#organization\",\"name\":\"Plinko 77\",\"url\":\"https:\\\/\\\/plinko77.com\\\/\",\"logo\":{\"@type\":\"ImageObject\",\"inLanguage\":\"tr\",\"@id\":\"https:\\\/\\\/plinko77.com\\\/#\\\/schema\\\/logo\\\/image\\\/\",\"url\":\"https:\\\/\\\/plinko77.com\\\/wp-content\\\/uploads\\\/2024\\\/08\\\/bf87083d-0832-4959-866f-0192bcfe0ba1-min.png\",\"contentUrl\":\"https:\\\/\\\/plinko77.com\\\/wp-content\\\/uploads\\\/2024\\\/08\\\/bf87083d-0832-4959-866f-0192bcfe0ba1-min.png\",\"width\":866,\"height\":343,\"caption\":\"Plinko 77\"},\"image\":{\"@id\":\"https:\\\/\\\/plinko77.com\\\/#\\\/schema\\\/logo\\\/image\\\/\"}}]}<\/script>\n<!-- \/ Yoast SEO plugin. -->","yoast_head_json":{"title":"Hakk\u0131m\u0131zda - Plinko 77","robots":{"index":"index","follow":"follow","max-snippet":"max-snippet:-1","max-image-preview":"max-image-preview:large","max-video-preview":"max-video-preview:-1"},"canonical":"https:\/\/plinko77.com\/tr\/about-us\/","og_locale":"tr_TR","og_type":"article","og_title":"About Us - Plinko 77","og_description":"Who We Are Plinko77.com is your dedicated resource for everything related to online slots, with a special focus on Plinko. Our goal is to provide you with reliable, straightforward information that enhances your gaming experience. Our commitment goes beyond just sharing tips and reviews. We prioritize responsible gaming, ensuring that you have access to tools [&hellip;]","og_url":"https:\/\/plinko77.com\/tr\/about-us\/","og_site_name":"Plinko 77","article_modified_time":"2024-09-03T04:58:23+00:00","og_image":[{"width":512,"height":512,"url":"https:\/\/plinko77.com\/wp-content\/uploads\/2024\/08\/cropped-plinko-online-casino-slot-min.png","type":"image\/png"}],"twitter_card":"summary_large_image","twitter_misc":{"Tahmini okuma s\u00fcresi":"1 dakika"},"schema":{"@context":"https:\/\/schema.org","@graph":[{"@type":"WebPage","@id":"https:\/\/plinko77.com\/about-us\/","url":"https:\/\/plinko77.com\/about-us\/","name":"Hakk\u0131m\u0131zda - Plinko 77","isPartOf":{"@id":"https:\/\/plinko77.com\/#website"},"primaryImageOfPage":{"@id":"https:\/\/plinko77.com\/about-us\/#primaryimage"},"image":{"@id":"https:\/\/plinko77.com\/about-us\/#primaryimage"},"thumbnailUrl":"https:\/\/plinko77.com\/wp-content\/uploads\/2024\/08\/cropped-plinko-online-casino-slot-min.png","datePublished":"2024-09-03T04:57:30+00:00","dateModified":"2024-09-03T04:58:23+00:00","breadcrumb":{"@id":"https:\/\/plinko77.com\/about-us\/#breadcrumb"},"inLanguage":"tr","potentialAction":[{"@type":"ReadAction","target":["https:\/\/plinko77.com\/about-us\/"]}]},{"@type":"ImageObject","inLanguage":"tr","@id":"https:\/\/plinko77.com\/about-us\/#primaryimage","url":"https:\/\/plinko77.com\/wp-content\/uploads\/2024\/08\/cropped-plinko-online-casino-slot-min.png","contentUrl":"https:\/\/plinko77.com\/wp-content\/uploads\/2024\/08\/cropped-plinko-online-casino-slot-min.png","width":512,"height":512,"caption":"plinko77"},{"@type":"BreadcrumbList","@id":"https:\/\/plinko77.com\/about-us\/#breadcrumb","itemListElement":[{"@type":"ListItem","position":1,"name":"Home","item":"https:\/\/plinko77.com\/"},{"@type":"ListItem","position":2,"name":"About Us"}]},{"@type":"WebSite","@id":"https:\/\/plinko77.com\/#website","url":"https:\/\/plinko77.com\/","name":"Plinko 77","description":"","publisher":{"@id":"https:\/\/plinko77.com\/#organization"},"potentialAction":[{"@type":"SearchAction","target":{"@type":"EntryPoint","urlTemplate":"https:\/\/plinko77.com\/?s={search_term_string}"},"query-input":{"@type":"PropertyValueSpecification","valueRequired":true,"valueName":"search_term_string"}}],"inLanguage":"tr"},{"@type":"Organization","@id":"https:\/\/plinko77.com\/#organization","name":"Plinko 77","url":"https:\/\/plinko77.com\/","logo":{"@type":"ImageObject","inLanguage":"tr","@id":"https:\/\/plinko77.com\/#\/schema\/logo\/image\/","url":"https:\/\/plinko77.com\/wp-content\/uploads\/2024\/08\/bf87083d-0832-4959-866f-0192bcfe0ba1-min.png","contentUrl":"https:\/\/plinko77.com\/wp-content\/uploads\/2024\/08\/bf87083d-0832-4959-866f-0192bcfe0ba1-min.png","width":866,"height":343,"caption":"Plinko 77"},"image":{"@id":"https:\/\/plinko77.com\/#\/schema\/logo\/image\/"}}]}},"_links":{"self":[{"href":"https:\/\/plinko77.com\/tr\/wp-json\/wp\/v2\/pages\/1663","targetHints":{"allow":["GET"]}}],"collection":[{"href":"https:\/\/plinko77.com\/tr\/wp-json\/wp\/v2\/pages"}],"about":[{"href":"https:\/\/plinko77.com\/tr\/wp-json\/wp\/v2\/types\/page"}],"author":[{"embeddable":true,"href":"https:\/\/plinko77.com\/tr\/wp-json\/wp\/v2\/users\/1"}],"replies":[{"embeddable":true,"href":"https:\/\/plinko77.com\/tr\/wp-json\/wp\/v2\/comments?post=1663"}],"version-history":[{"count":4,"href":"https:\/\/plinko77.com\/tr\/wp-json\/wp\/v2\/pages\/1663\/revisions"}],"predecessor-version":[{"id":1667,"href":"https:\/\/plinko77.com\/tr\/wp-json\/wp\/v2\/pages\/1663\/revisions\/1667"}],"wp:featuredmedia":[{"embeddable":true,"href":"https:\/\/plinko77.com\/tr\/wp-json\/wp\/v2\/media\/1538"}],"wp:attachment":[{"href":"https:\/\/plinko77.com\/tr\/wp-json\/wp\/v2\/media?parent=1663"}],"curies":[{"name":"wp","href":"https:\/\/api.w.org\/{rel}","templated":true}]}}