{"id":1655,"date":"2024-09-03T04:49:27","date_gmt":"2024-09-03T04:49:27","guid":{"rendered":"https:\/\/plinko77.com\/?page_id=1655"},"modified":"2024-09-03T04:55:03","modified_gmt":"2024-09-03T04:55:03","slug":"contact-us","status":"publish","type":"page","link":"https:\/\/plinko77.com\/pl\/contact-us\/","title":{"rendered":"Kontakt"},"content":{"rendered":"<div data-elementor-type=\"wp-page\" data-elementor-id=\"1655\" class=\"elementor elementor-1655\">\n\t\t\t\t\t\t<section class=\"elementor-section elementor-top-section elementor-element elementor-element-d01bae5 elementor-section-boxed elementor-section-height-default elementor-section-height-default\" data-id=\"d01bae5\" data-element_type=\"section\" data-e-type=\"section\">\n\t\t\t\t\t\t<div class=\"elementor-container elementor-column-gap-default\">\n\t\t\t\t\t<div class=\"elementor-column elementor-col-100 elementor-top-column elementor-element elementor-element-d1db276\" data-id=\"d1db276\" data-element_type=\"column\" data-e-type=\"column\">\n\t\t\t<div class=\"elementor-widget-wrap elementor-element-populated\">\n\t\t\t\t\t\t<div class=\"elementor-element elementor-element-ca59d75 elementor-widget elementor-widget-spacer\" data-id=\"ca59d75\" data-element_type=\"widget\" data-e-type=\"widget\" data-widget_type=\"spacer.default\">\n\t\t\t\t<div class=\"elementor-widget-container\">\n\t\t\t\t\t\t\t<div class=\"elementor-spacer\">\n\t\t\t<div class=\"elementor-spacer-inner\"><\/div>\n\t\t<\/div>\n\t\t\t\t\t\t<\/div>\n\t\t\t\t<\/div>\n\t\t\t\t<div class=\"elementor-element elementor-element-9a0b4f0 elementor-widget elementor-widget-heading\" data-id=\"9a0b4f0\" data-element_type=\"widget\" data-e-type=\"widget\" data-widget_type=\"heading.default\">\n\t\t\t\t<div class=\"elementor-widget-container\">\n\t\t\t\t\t<h1 class=\"elementor-heading-title elementor-size-default\">Kontakt<\/h1>\t\t\t\t<\/div>\n\t\t\t\t<\/div>\n\t\t\t\t<div class=\"elementor-element elementor-element-2fb01ef elementor-widget elementor-widget-text-editor\" data-id=\"2fb01ef\" data-element_type=\"widget\" data-e-type=\"widget\" data-widget_type=\"text-editor.default\">\n\t\t\t\t<div class=\"elementor-widget-container\">\n\t\t\t\t\t\t\t\t\t<p><span data-sheets-root=\"1\">W Plinko77.com cenimy ka\u017cd\u0105 wiadomo\u015b\u0107 od naszych u\u017cytkownik\u00f3w. Niezale\u017cnie od tego, czy masz pytanie, sugesti\u0119, czy po prostu chcesz podzieli\u0107 si\u0119 swoimi przemy\u015bleniami, jeste\u015bmy tutaj, aby s\u0142ucha\u0107. Twoja opinia jest niezb\u0119dna, aby pom\u00f3c nam ulepszy\u0107 i zapewni\u0107 jak najlepsze wra\u017cenia.<br \/><br \/>Je\u015bli masz pomys\u0142y na to, jak mo\u017cemy ulepszy\u0107 nasz\u0105 stron\u0119 lub chcesz zasugerowa\u0107 nowe funkcje, chcieliby\u015bmy us\u0142ysze\u0107 od Ciebie. Nieustannie pracujemy nad ulepszaniem naszych us\u0142ug i dostarczaniem najlepszych informacji na temat gier online.<\/span><\/p>\t\t\t\t\t\t\t\t<\/div>\n\t\t\t\t<\/div>\n\t\t<div class=\"elementor-element elementor-element-9c2a276 e-flex e-con-boxed e-con e-parent\" data-id=\"9c2a276\" data-element_type=\"container\" data-e-type=\"container\">\n\t\t\t\t\t<div class=\"e-con-inner\">\n\t\t<div class=\"elementor-element elementor-element-fddb9f9 e-con-full e-flex e-con e-child\" data-id=\"fddb9f9\" data-element_type=\"container\" data-e-type=\"container\">\n\t\t\t\t<div class=\"elementor-element elementor-element-8319f1a elementor-widget elementor-widget-heading\" data-id=\"8319f1a\" data-element_type=\"widget\" data-e-type=\"widget\" data-widget_type=\"heading.default\">\n\t\t\t\t<div class=\"elementor-widget-container\">\n\t\t\t\t\t<h2 class=\"elementor-heading-title elementor-size-default\">Jak si\u0119 z nami skontaktowa\u0107<\/h2>\t\t\t\t<\/div>\n\t\t\t\t<\/div>\n\t\t\t\t<div class=\"elementor-element elementor-element-384ed68 elementor-widget elementor-widget-text-editor\" data-id=\"384ed68\" data-element_type=\"widget\" data-e-type=\"widget\" data-widget_type=\"text-editor.default\">\n\t\t\t\t<div class=\"elementor-widget-container\">\n\t\t\t\t\t\t\t\t\t<p>W przypadku jakichkolwiek pyta\u0144 prosimy o przes\u0142anie wiadomo\u015bci e-mail na adres support@plinko77.com. Staramy si\u0119 szybko odpowiada\u0107 na wszystkie wiadomo\u015bci.<\/p><p>Dzi\u0119kujemy za odwiedzenie Plinko77.com. Nie wahaj si\u0119 z nami skontaktowa\u0107 - Twoje przemy\u015blenia i pytania s\u0105 zawsze mile widziane!<\/p>\t\t\t\t\t\t\t\t<\/div>\n\t\t\t\t<\/div>\n\t\t\t\t<\/div>\n\t\t\t\t\t<\/div>\n\t\t\t\t<\/div>\n\t\t\t\t\t<\/div>\n\t\t<\/div>\n\t\t\t\t\t<\/div>\n\t\t<\/section>\n\t\t\t\t<\/div>","protected":false},"excerpt":{"rendered":"<p>Contact Us At Plinko77.com, we value every message from our visitors. Whether you have a question, a suggestion, or just want to share your thoughts, we&#8217;re here to listen. Your feedback is essential in helping us improve and provide the best experience possible. If you have ideas on how we can make our site better [&hellip;]<\/p>\n","protected":false},"author":1,"featured_media":1538,"parent":0,"menu_order":0,"comment_status":"closed","ping_status":"closed","template":"","meta":{"footnotes":""},"class_list":["post-1655","page","type-page","status-publish","has-post-thumbnail","hentry"],"blocksy_meta":{"has_hero_section":"disabled","styles_descriptor":{"styles":{"desktop":"","tablet":"","mobile":""},"google_fonts":[],"version":6}},"yoast_head":"<!-- This site is optimized with the Yoast SEO plugin v27.5 - https:\/\/yoast.com\/product\/yoast-seo-wordpress\/ -->\n<title>Contact Us - Plinko 77<\/title>\n<meta name=\"robots\" content=\"index, follow, max-snippet:-1, max-image-preview:large, max-video-preview:-1\" \/>\n<link rel=\"canonical\" href=\"https:\/\/plinko77.com\/pl\/contact-us\/\" \/>\n<meta property=\"og:locale\" content=\"pl_PL\" \/>\n<meta property=\"og:type\" content=\"article\" \/>\n<meta property=\"og:title\" content=\"Contact Us - Plinko 77\" \/>\n<meta property=\"og:description\" content=\"Contact Us At Plinko77.com, we value every message from our visitors. Whether you have a question, a suggestion, or just want to share your thoughts, we&#8217;re here to listen. Your feedback is essential in helping us improve and provide the best experience possible. If you have ideas on how we can make our site better [&hellip;]\" \/>\n<meta property=\"og:url\" content=\"https:\/\/plinko77.com\/pl\/contact-us\/\" \/>\n<meta property=\"og:site_name\" content=\"Plinko 77\" \/>\n<meta property=\"article:modified_time\" content=\"2024-09-03T04:55:03+00:00\" \/>\n<meta property=\"og:image\" content=\"https:\/\/plinko77.com\/wp-content\/uploads\/2024\/08\/cropped-plinko-online-casino-slot-min.png\" \/>\n\t<meta property=\"og:image:width\" content=\"512\" \/>\n\t<meta property=\"og:image:height\" content=\"512\" \/>\n\t<meta property=\"og:image:type\" content=\"image\/png\" \/>\n<meta name=\"twitter:card\" content=\"summary_large_image\" \/>\n<meta name=\"twitter:label1\" content=\"Szacowany czas czytania\" \/>\n\t<meta name=\"twitter:data1\" content=\"1 minuta\" \/>\n<script type=\"application\/ld+json\" class=\"yoast-schema-graph\">{\"@context\":\"https:\\\/\\\/schema.org\",\"@graph\":[{\"@type\":\"WebPage\",\"@id\":\"https:\\\/\\\/plinko77.com\\\/contact-us\\\/\",\"url\":\"https:\\\/\\\/plinko77.com\\\/contact-us\\\/\",\"name\":\"Contact Us - Plinko 77\",\"isPartOf\":{\"@id\":\"https:\\\/\\\/plinko77.com\\\/#website\"},\"primaryImageOfPage\":{\"@id\":\"https:\\\/\\\/plinko77.com\\\/contact-us\\\/#primaryimage\"},\"image\":{\"@id\":\"https:\\\/\\\/plinko77.com\\\/contact-us\\\/#primaryimage\"},\"thumbnailUrl\":\"https:\\\/\\\/plinko77.com\\\/wp-content\\\/uploads\\\/2024\\\/08\\\/cropped-plinko-online-casino-slot-min.png\",\"datePublished\":\"2024-09-03T04:49:27+00:00\",\"dateModified\":\"2024-09-03T04:55:03+00:00\",\"breadcrumb\":{\"@id\":\"https:\\\/\\\/plinko77.com\\\/contact-us\\\/#breadcrumb\"},\"inLanguage\":\"pl-PL\",\"potentialAction\":[{\"@type\":\"ReadAction\",\"target\":[\"https:\\\/\\\/plinko77.com\\\/contact-us\\\/\"]}]},{\"@type\":\"ImageObject\",\"inLanguage\":\"pl-PL\",\"@id\":\"https:\\\/\\\/plinko77.com\\\/contact-us\\\/#primaryimage\",\"url\":\"https:\\\/\\\/plinko77.com\\\/wp-content\\\/uploads\\\/2024\\\/08\\\/cropped-plinko-online-casino-slot-min.png\",\"contentUrl\":\"https:\\\/\\\/plinko77.com\\\/wp-content\\\/uploads\\\/2024\\\/08\\\/cropped-plinko-online-casino-slot-min.png\",\"width\":512,\"height\":512,\"caption\":\"plinko77\"},{\"@type\":\"BreadcrumbList\",\"@id\":\"https:\\\/\\\/plinko77.com\\\/contact-us\\\/#breadcrumb\",\"itemListElement\":[{\"@type\":\"ListItem\",\"position\":1,\"name\":\"Home\",\"item\":\"https:\\\/\\\/plinko77.com\\\/\"},{\"@type\":\"ListItem\",\"position\":2,\"name\":\"Contact Us\"}]},{\"@type\":\"WebSite\",\"@id\":\"https:\\\/\\\/plinko77.com\\\/#website\",\"url\":\"https:\\\/\\\/plinko77.com\\\/\",\"name\":\"Plinko 77\",\"description\":\"\",\"publisher\":{\"@id\":\"https:\\\/\\\/plinko77.com\\\/#organization\"},\"potentialAction\":[{\"@type\":\"SearchAction\",\"target\":{\"@type\":\"EntryPoint\",\"urlTemplate\":\"https:\\\/\\\/plinko77.com\\\/?s={search_term_string}\"},\"query-input\":{\"@type\":\"PropertyValueSpecification\",\"valueRequired\":true,\"valueName\":\"search_term_string\"}}],\"inLanguage\":\"pl-PL\"},{\"@type\":\"Organization\",\"@id\":\"https:\\\/\\\/plinko77.com\\\/#organization\",\"name\":\"Plinko 77\",\"url\":\"https:\\\/\\\/plinko77.com\\\/\",\"logo\":{\"@type\":\"ImageObject\",\"inLanguage\":\"pl-PL\",\"@id\":\"https:\\\/\\\/plinko77.com\\\/#\\\/schema\\\/logo\\\/image\\\/\",\"url\":\"https:\\\/\\\/plinko77.com\\\/wp-content\\\/uploads\\\/2024\\\/08\\\/bf87083d-0832-4959-866f-0192bcfe0ba1-min.png\",\"contentUrl\":\"https:\\\/\\\/plinko77.com\\\/wp-content\\\/uploads\\\/2024\\\/08\\\/bf87083d-0832-4959-866f-0192bcfe0ba1-min.png\",\"width\":866,\"height\":343,\"caption\":\"Plinko 77\"},\"image\":{\"@id\":\"https:\\\/\\\/plinko77.com\\\/#\\\/schema\\\/logo\\\/image\\\/\"}}]}<\/script>\n<!-- \/ Yoast SEO plugin. -->","yoast_head_json":{"title":"Skontaktuj si\u0119 z nami - Plinko 77","robots":{"index":"index","follow":"follow","max-snippet":"max-snippet:-1","max-image-preview":"max-image-preview:large","max-video-preview":"max-video-preview:-1"},"canonical":"https:\/\/plinko77.com\/pl\/contact-us\/","og_locale":"pl_PL","og_type":"article","og_title":"Contact Us - Plinko 77","og_description":"Contact Us At Plinko77.com, we value every message from our visitors. Whether you have a question, a suggestion, or just want to share your thoughts, we&#8217;re here to listen. Your feedback is essential in helping us improve and provide the best experience possible. If you have ideas on how we can make our site better [&hellip;]","og_url":"https:\/\/plinko77.com\/pl\/contact-us\/","og_site_name":"Plinko 77","article_modified_time":"2024-09-03T04:55:03+00:00","og_image":[{"width":512,"height":512,"url":"https:\/\/plinko77.com\/wp-content\/uploads\/2024\/08\/cropped-plinko-online-casino-slot-min.png","type":"image\/png"}],"twitter_card":"summary_large_image","twitter_misc":{"Szacowany czas czytania":"1 minuta"},"schema":{"@context":"https:\/\/schema.org","@graph":[{"@type":"WebPage","@id":"https:\/\/plinko77.com\/contact-us\/","url":"https:\/\/plinko77.com\/contact-us\/","name":"Skontaktuj si\u0119 z nami - Plinko 77","isPartOf":{"@id":"https:\/\/plinko77.com\/#website"},"primaryImageOfPage":{"@id":"https:\/\/plinko77.com\/contact-us\/#primaryimage"},"image":{"@id":"https:\/\/plinko77.com\/contact-us\/#primaryimage"},"thumbnailUrl":"https:\/\/plinko77.com\/wp-content\/uploads\/2024\/08\/cropped-plinko-online-casino-slot-min.png","datePublished":"2024-09-03T04:49:27+00:00","dateModified":"2024-09-03T04:55:03+00:00","breadcrumb":{"@id":"https:\/\/plinko77.com\/contact-us\/#breadcrumb"},"inLanguage":"pl-PL","potentialAction":[{"@type":"ReadAction","target":["https:\/\/plinko77.com\/contact-us\/"]}]},{"@type":"ImageObject","inLanguage":"pl-PL","@id":"https:\/\/plinko77.com\/contact-us\/#primaryimage","url":"https:\/\/plinko77.com\/wp-content\/uploads\/2024\/08\/cropped-plinko-online-casino-slot-min.png","contentUrl":"https:\/\/plinko77.com\/wp-content\/uploads\/2024\/08\/cropped-plinko-online-casino-slot-min.png","width":512,"height":512,"caption":"plinko77"},{"@type":"BreadcrumbList","@id":"https:\/\/plinko77.com\/contact-us\/#breadcrumb","itemListElement":[{"@type":"ListItem","position":1,"name":"Home","item":"https:\/\/plinko77.com\/"},{"@type":"ListItem","position":2,"name":"Contact Us"}]},{"@type":"WebSite","@id":"https:\/\/plinko77.com\/#website","url":"https:\/\/plinko77.com\/","name":"Plinko 77","description":"","publisher":{"@id":"https:\/\/plinko77.com\/#organization"},"potentialAction":[{"@type":"SearchAction","target":{"@type":"EntryPoint","urlTemplate":"https:\/\/plinko77.com\/?s={search_term_string}"},"query-input":{"@type":"PropertyValueSpecification","valueRequired":true,"valueName":"search_term_string"}}],"inLanguage":"pl-PL"},{"@type":"Organization","@id":"https:\/\/plinko77.com\/#organization","name":"Plinko 77","url":"https:\/\/plinko77.com\/","logo":{"@type":"ImageObject","inLanguage":"pl-PL","@id":"https:\/\/plinko77.com\/#\/schema\/logo\/image\/","url":"https:\/\/plinko77.com\/wp-content\/uploads\/2024\/08\/bf87083d-0832-4959-866f-0192bcfe0ba1-min.png","contentUrl":"https:\/\/plinko77.com\/wp-content\/uploads\/2024\/08\/bf87083d-0832-4959-866f-0192bcfe0ba1-min.png","width":866,"height":343,"caption":"Plinko 77"},"image":{"@id":"https:\/\/plinko77.com\/#\/schema\/logo\/image\/"}}]}},"_links":{"self":[{"href":"https:\/\/plinko77.com\/pl\/wp-json\/wp\/v2\/pages\/1655","targetHints":{"allow":["GET"]}}],"collection":[{"href":"https:\/\/plinko77.com\/pl\/wp-json\/wp\/v2\/pages"}],"about":[{"href":"https:\/\/plinko77.com\/pl\/wp-json\/wp\/v2\/types\/page"}],"author":[{"embeddable":true,"href":"https:\/\/plinko77.com\/pl\/wp-json\/wp\/v2\/users\/1"}],"replies":[{"embeddable":true,"href":"https:\/\/plinko77.com\/pl\/wp-json\/wp\/v2\/comments?post=1655"}],"version-history":[{"count":7,"href":"https:\/\/plinko77.com\/pl\/wp-json\/wp\/v2\/pages\/1655\/revisions"}],"predecessor-version":[{"id":1662,"href":"https:\/\/plinko77.com\/pl\/wp-json\/wp\/v2\/pages\/1655\/revisions\/1662"}],"wp:featuredmedia":[{"embeddable":true,"href":"https:\/\/plinko77.com\/pl\/wp-json\/wp\/v2\/media\/1538"}],"wp:attachment":[{"href":"https:\/\/plinko77.com\/pl\/wp-json\/wp\/v2\/media?parent=1655"}],"curies":[{"name":"wp","href":"https:\/\/api.w.org\/{rel}","templated":true}]}}