{"id":1650,"date":"2024-09-03T04:40:48","date_gmt":"2024-09-03T04:40:48","guid":{"rendered":"https:\/\/plinko77.com\/?page_id=1650"},"modified":"2024-09-03T04:58:41","modified_gmt":"2024-09-03T04:58:41","slug":"privacy-policy","status":"publish","type":"page","link":"https:\/\/plinko77.com\/pl\/privacy-policy\/","title":{"rendered":"Polityka prywatno\u015bci"},"content":{"rendered":"<div data-elementor-type=\"wp-page\" data-elementor-id=\"1650\" class=\"elementor elementor-1650\">\n\t\t\t\t\t\t<section class=\"elementor-section elementor-top-section elementor-element elementor-element-02df681 elementor-section-boxed elementor-section-height-default elementor-section-height-default\" data-id=\"02df681\" data-element_type=\"section\" data-e-type=\"section\">\n\t\t\t\t\t\t<div class=\"elementor-container elementor-column-gap-default\">\n\t\t\t\t\t<div class=\"elementor-column elementor-col-100 elementor-top-column elementor-element elementor-element-be5bd69\" data-id=\"be5bd69\" data-element_type=\"column\" data-e-type=\"column\">\n\t\t\t<div class=\"elementor-widget-wrap elementor-element-populated\">\n\t\t\t\t\t\t<div class=\"elementor-element elementor-element-af3780e elementor-widget elementor-widget-spacer\" data-id=\"af3780e\" data-element_type=\"widget\" data-e-type=\"widget\" data-widget_type=\"spacer.default\">\n\t\t\t\t<div class=\"elementor-widget-container\">\n\t\t\t\t\t\t\t<div class=\"elementor-spacer\">\n\t\t\t<div class=\"elementor-spacer-inner\"><\/div>\n\t\t<\/div>\n\t\t\t\t\t\t<\/div>\n\t\t\t\t<\/div>\n\t\t\t\t<div class=\"elementor-element elementor-element-0d371d8 elementor-widget elementor-widget-heading\" data-id=\"0d371d8\" data-element_type=\"widget\" data-e-type=\"widget\" data-widget_type=\"heading.default\">\n\t\t\t\t<div class=\"elementor-widget-container\">\n\t\t\t\t\t<h1 class=\"elementor-heading-title elementor-size-default\">Polityka prywatno\u015bci<\/h1>\t\t\t\t<\/div>\n\t\t\t\t<\/div>\n\t\t\t\t<div class=\"elementor-element elementor-element-3b3ab53 elementor-widget elementor-widget-text-editor\" data-id=\"3b3ab53\" data-element_type=\"widget\" data-e-type=\"widget\" data-widget_type=\"text-editor.default\">\n\t\t\t\t<div class=\"elementor-widget-container\">\n\t\t\t\t\t\t\t\t\t<p><span data-sheets-root=\"1\">W Plinko77.com priorytetowo traktujemy prywatno\u015b\u0107 u\u017cytkownik\u00f3w. Rozumiemy znaczenie ochrony danych osobowych u\u017cytkownik\u00f3w i dok\u0142adamy wszelkich stara\u0144, aby by\u0142y one bezpieczne. Je\u015bli masz jakiekolwiek pytania lub potrzebujesz jasno\u015bci co do tego, jak zarz\u0105dzamy Twoimi danymi, skontaktuj si\u0119 z nami pod adresem support@plinko77.com.<\/span><\/p>\t\t\t\t\t\t\t\t<\/div>\n\t\t\t\t<\/div>\n\t\t<div class=\"elementor-element elementor-element-3c53581 e-flex e-con-boxed e-con e-parent\" data-id=\"3c53581\" data-element_type=\"container\" data-e-type=\"container\">\n\t\t\t\t\t<div class=\"e-con-inner\">\n\t\t<div class=\"elementor-element elementor-element-611eddc e-con-full e-flex e-con e-child\" data-id=\"611eddc\" data-element_type=\"container\" data-e-type=\"container\">\n\t\t<div class=\"elementor-element elementor-element-d1d7b61 e-con-full e-flex e-con e-child\" data-id=\"d1d7b61\" data-element_type=\"container\" data-e-type=\"container\">\n\t\t\t\t<div class=\"elementor-element elementor-element-2612672 elementor-widget elementor-widget-heading\" data-id=\"2612672\" data-element_type=\"widget\" data-e-type=\"widget\" data-widget_type=\"heading.default\">\n\t\t\t\t<div class=\"elementor-widget-container\">\n\t\t\t\t\t<h2 class=\"elementor-heading-title elementor-size-default\">Co zbieramy i dlaczego<\/h2>\t\t\t\t<\/div>\n\t\t\t\t<\/div>\n\t\t\t\t<div class=\"elementor-element elementor-element-12fac5c elementor-widget elementor-widget-text-editor\" data-id=\"12fac5c\" data-element_type=\"widget\" data-e-type=\"widget\" data-widget_type=\"text-editor.default\">\n\t\t\t\t<div class=\"elementor-widget-container\">\n\t\t\t\t\t\t\t\t\t<p class=\"p2\">Podczas korzystania z naszej witryny gromadzimy okre\u015blone rodzaje informacji, aby poprawi\u0107 komfort u\u017cytkowania. Oto zestawienie:<\/p>\t\t\t\t\t\t\t\t<\/div>\n\t\t\t\t<\/div>\n\t\t\t\t<\/div>\n\t\t<div class=\"elementor-element elementor-element-3836a7c e-con-full e-flex e-con e-child\" data-id=\"3836a7c\" data-element_type=\"container\" data-e-type=\"container\">\n\t\t\t\t<div class=\"elementor-element elementor-element-57355b1 elementor-widget elementor-widget-heading\" data-id=\"57355b1\" data-element_type=\"widget\" data-e-type=\"widget\" data-widget_type=\"heading.default\">\n\t\t\t\t<div class=\"elementor-widget-container\">\n\t\t\t\t\t<h3 class=\"elementor-heading-title elementor-size-default\">Dane osobowe<\/h3>\t\t\t\t<\/div>\n\t\t\t\t<\/div>\n\t\t\t\t<div class=\"elementor-element elementor-element-b8fa29a elementor-widget elementor-widget-text-editor\" data-id=\"b8fa29a\" data-element_type=\"widget\" data-e-type=\"widget\" data-widget_type=\"text-editor.default\">\n\t\t\t\t<div class=\"elementor-widget-container\">\n\t\t\t\t\t\t\t\t\t<p class=\"p2\">Informacje kontaktowe: W przypadku subskrypcji naszego biuletynu poprosimy o podanie adresu e-mail.<br \/>Interakcja u\u017cytkownika: Twoje komentarze, sugestie i interakcje pomagaj\u0105 nam udoskonala\u0107 nasze tre\u015bci.<\/p>\t\t\t\t\t\t\t\t<\/div>\n\t\t\t\t<\/div>\n\t\t\t\t<\/div>\n\t\t<div class=\"elementor-element elementor-element-42c099c e-con-full e-flex e-con e-child\" data-id=\"42c099c\" data-element_type=\"container\" data-e-type=\"container\">\n\t\t\t\t<div class=\"elementor-element elementor-element-c28c186 elementor-widget elementor-widget-heading\" data-id=\"c28c186\" data-element_type=\"widget\" data-e-type=\"widget\" data-widget_type=\"heading.default\">\n\t\t\t\t<div class=\"elementor-widget-container\">\n\t\t\t\t\t<h3 class=\"elementor-heading-title elementor-size-default\">Informacje techniczne<\/h3>\t\t\t\t<\/div>\n\t\t\t\t<\/div>\n\t\t\t\t<div class=\"elementor-element elementor-element-a169c44 elementor-widget elementor-widget-text-editor\" data-id=\"a169c44\" data-element_type=\"widget\" data-e-type=\"widget\" data-widget_type=\"text-editor.default\">\n\t\t\t\t<div class=\"elementor-widget-container\">\n\t\t\t\t\t\t\t\t\t<p class=\"p2\">Dane przegl\u0105dania: \u015aledzimy takie szczeg\u00f3\u0142y, jak adres IP u\u017cytkownika, u\u017cywana przegl\u0105darka, odwiedzane strony i czas przebywania na nich.<br \/>Pliki cookie i elementy \u015bledz\u0105ce: Te ma\u0142e pliki danych pomagaj\u0105 nam zapami\u0119ta\u0107 preferencje u\u017cytkownika i analizowa\u0107 wydajno\u015b\u0107 witryny.<\/p>\t\t\t\t\t\t\t\t<\/div>\n\t\t\t\t<\/div>\n\t\t\t\t<\/div>\n\t\t<div class=\"elementor-element elementor-element-e2de868 e-con-full e-flex e-con e-child\" data-id=\"e2de868\" data-element_type=\"container\" data-e-type=\"container\">\n\t\t\t\t<div class=\"elementor-element elementor-element-abbf6fb elementor-widget elementor-widget-heading\" data-id=\"abbf6fb\" data-element_type=\"widget\" data-e-type=\"widget\" data-widget_type=\"heading.default\">\n\t\t\t\t<div class=\"elementor-widget-container\">\n\t\t\t\t\t<h2 class=\"elementor-heading-title elementor-size-default\">Jak wykorzystujemy dane u\u017cytkownika<\/h2>\t\t\t\t<\/div>\n\t\t\t\t<\/div>\n\t\t\t\t<div class=\"elementor-element elementor-element-6b33944 elementor-widget elementor-widget-text-editor\" data-id=\"6b33944\" data-element_type=\"widget\" data-e-type=\"widget\" data-widget_type=\"text-editor.default\">\n\t\t\t\t<div class=\"elementor-widget-container\">\n\t\t\t\t\t\t\t\t\t<p><span data-sheets-root=\"1\">Wykorzystujemy zebrane informacje na r\u00f3\u017cne sposoby, aby poprawi\u0107 komfort u\u017cytkowania:<\/span><\/p><ul><li><strong>Zwi\u0119kszenie wydajno\u015bci strony internetowej:<\/strong> Zapewnienie prawid\u0142owego dzia\u0142ania naszej witryny i dostarczanie tre\u015bci odpowiadaj\u0105cych zainteresowaniom u\u017cytkownika.<br \/>Dostosowywanie do\u015bwiadczenia u\u017cytkownika: Korzystamy z interakcji u\u017cytkownika, aby dostosowa\u0107 to, co widzi na naszej stronie.<\/li><li><strong>Analiza korzystania z witryny:<\/strong> Zrozumienie, w jaki spos\u00f3b nasi u\u017cytkownicy poruszaj\u0105 si\u0119 po witrynie, pomaga nam ulepszy\u0107 jej projekt i funkcjonalno\u015b\u0107.<\/li><li><strong>Opracowywanie nowych funkcji:<\/strong> Informacje zwrotne od u\u017cytkownik\u00f3w nap\u0119dzaj\u0105 tworzenie nowych us\u0142ug i narz\u0119dzi.<\/li><li><strong>Komunikacja:<\/strong> Od czasu do czasu mo\u017cemy wysy\u0142a\u0107 u\u017cytkownikowi aktualizacje lub informacje, kt\u00f3re mog\u0105 by\u0107 dla niego istotne.<\/li><li><strong>Bezpiecze\u0144stwo:<\/strong> Monitorujemy dane, aby zapobiega\u0107 oszustwom i zapewni\u0107 bezpieczne \u015brodowisko.<\/li><\/ul>\t\t\t\t\t\t\t\t<\/div>\n\t\t\t\t<\/div>\n\t\t\t\t<\/div>\n\t\t<div class=\"elementor-element elementor-element-ab3ffd2 e-con-full e-flex e-con e-child\" data-id=\"ab3ffd2\" data-element_type=\"container\" data-e-type=\"container\">\n\t\t\t\t<div class=\"elementor-element elementor-element-dd3b1bc elementor-widget elementor-widget-heading\" data-id=\"dd3b1bc\" data-element_type=\"widget\" data-e-type=\"widget\" data-widget_type=\"heading.default\">\n\t\t\t\t<div class=\"elementor-widget-container\">\n\t\t\t\t\t<h2 class=\"elementor-heading-title elementor-size-default\">Kiedy udost\u0119pniamy dane u\u017cytkownika<\/h2>\t\t\t\t<\/div>\n\t\t\t\t<\/div>\n\t\t\t\t<div class=\"elementor-element elementor-element-59f2ae5 elementor-widget elementor-widget-text-editor\" data-id=\"59f2ae5\" data-element_type=\"widget\" data-e-type=\"widget\" data-widget_type=\"text-editor.default\">\n\t\t\t\t<div class=\"elementor-widget-container\">\n\t\t\t\t\t\t\t\t\t<p><span data-sheets-root=\"1\">Prywatno\u015b\u0107 u\u017cytkownik\u00f3w jest dla nas wa\u017cna i udost\u0119pniamy ich dane tylko w okre\u015blonych przypadkach:<\/span><\/p><ul><li><strong>Dostawcy us\u0142ug:<\/strong> Mo\u017cemy wsp\u00f3\u0142pracowa\u0107 ze stronami trzecimi, aby pom\u00f3c w prowadzeniu naszej witryny i oferowaniu us\u0142ug, i mog\u0105 one potrzebowa\u0107 dost\u0119pu do niekt\u00f3rych danych.<\/li><li><strong>Zmiany biznesowe:<\/strong> Je\u015bli nasza firma przejdzie zmiany, takie jak fuzja lub sprzeda\u017c, dane u\u017cytkownika mog\u0105 sta\u0107 si\u0119 cz\u0119\u015bci\u0105 transformacji.<\/li><li><strong>Partnerzy:<\/strong> Czasami wsp\u00f3\u0142pracujemy z partnerami, aby zapewni\u0107 u\u017cytkownikom wi\u0119cej us\u0142ug lub promocji, i mo\u017cemy udost\u0119pnia\u0107 odpowiednie dane.<\/li><li><strong>Za Twoj\u0105 zgod\u0105:<\/strong> Udost\u0119pnimy dane u\u017cytkownika w innych okoliczno\u015bciach tylko za jego zgod\u0105.<\/li><\/ul><p>\u00a0<\/p>\t\t\t\t\t\t\t\t<\/div>\n\t\t\t\t<\/div>\n\t\t\t\t<\/div>\n\t\t<div class=\"elementor-element elementor-element-71d2042 e-con-full e-flex e-con e-child\" data-id=\"71d2042\" data-element_type=\"container\" data-e-type=\"container\">\n\t\t\t\t<div class=\"elementor-element elementor-element-9d31453 elementor-widget elementor-widget-heading\" data-id=\"9d31453\" data-element_type=\"widget\" data-e-type=\"widget\" data-widget_type=\"heading.default\">\n\t\t\t\t<div class=\"elementor-widget-container\">\n\t\t\t\t\t<h2 class=\"elementor-heading-title elementor-size-default\">Bezpiecze\u0144stwo danych<\/h2>\t\t\t\t<\/div>\n\t\t\t\t<\/div>\n\t\t\t\t<div class=\"elementor-element elementor-element-d057fc7 elementor-widget elementor-widget-text-editor\" data-id=\"d057fc7\" data-element_type=\"widget\" data-e-type=\"widget\" data-widget_type=\"text-editor.default\">\n\t\t\t\t<div class=\"elementor-widget-container\">\n\t\t\t\t\t\t\t\t\t<p>Bezpiecze\u0144stwo danych osobowych u\u017cytkownik\u00f3w jest dla nas priorytetem. Nale\u017cy jednak pami\u0119ta\u0107, \u017ce \u017cadna metoda online nie jest ca\u0142kowicie bezpieczna. Dok\u0142adamy wszelkich stara\u0144, aby chroni\u0107 Twoje dane, ale nie mo\u017cemy zagwarantowa\u0107 ca\u0142kowitego bezpiecze\u0144stwa.<\/p>\t\t\t\t\t\t\t\t<\/div>\n\t\t\t\t<\/div>\n\t\t\t\t<\/div>\n\t\t<div class=\"elementor-element elementor-element-109dd89 e-con-full e-flex e-con e-child\" data-id=\"109dd89\" data-element_type=\"container\" data-e-type=\"container\">\n\t\t\t\t<div class=\"elementor-element elementor-element-62fbaab elementor-widget elementor-widget-heading\" data-id=\"62fbaab\" data-element_type=\"widget\" data-e-type=\"widget\" data-widget_type=\"heading.default\">\n\t\t\t\t<div class=\"elementor-widget-container\">\n\t\t\t\t\t<h2 class=\"elementor-heading-title elementor-size-default\">Prawa do prywatno\u015bci<\/h2>\t\t\t\t<\/div>\n\t\t\t\t<\/div>\n\t\t\t\t<div class=\"elementor-element elementor-element-2dfe3ab elementor-widget elementor-widget-text-editor\" data-id=\"2dfe3ab\" data-element_type=\"widget\" data-e-type=\"widget\" data-widget_type=\"text-editor.default\">\n\t\t\t\t<div class=\"elementor-widget-container\">\n\t\t\t\t\t\t\t\t\t<p>W zale\u017cno\u015bci od miejsca zamieszkania, zw\u0142aszcza je\u015bli u\u017cytkownik znajduje si\u0119 w Europejskim Obszarze Gospodarczym (EOG), mog\u0105 mu przys\u0142ugiwa\u0107 prawa dotycz\u0105ce jego danych. Mo\u017cesz skontaktowa\u0107 si\u0119 z nami, je\u015bli chcesz przejrze\u0107, zaktualizowa\u0107 lub usun\u0105\u0107 dane osobowe, kt\u00f3re posiadamy na Tw\u00f3j temat.<\/p>\t\t\t\t\t\t\t\t<\/div>\n\t\t\t\t<\/div>\n\t\t\t\t<\/div>\n\t\t<div class=\"elementor-element elementor-element-7fa4bde e-con-full e-flex e-con e-child\" data-id=\"7fa4bde\" data-element_type=\"container\" data-e-type=\"container\">\n\t\t\t\t<div class=\"elementor-element elementor-element-61c1c08 elementor-widget elementor-widget-heading\" data-id=\"61c1c08\" data-element_type=\"widget\" data-e-type=\"widget\" data-widget_type=\"heading.default\">\n\t\t\t\t<div class=\"elementor-widget-container\">\n\t\t\t\t\t<h2 class=\"elementor-heading-title elementor-size-default\">Linki do innych stron<\/h2>\t\t\t\t<\/div>\n\t\t\t\t<\/div>\n\t\t\t\t<div class=\"elementor-element elementor-element-0f5f722 elementor-widget elementor-widget-text-editor\" data-id=\"0f5f722\" data-element_type=\"widget\" data-e-type=\"widget\" data-widget_type=\"text-editor.default\">\n\t\t\t\t<div class=\"elementor-widget-container\">\n\t\t\t\t\t\t\t\t\t<p><span data-sheets-root=\"1\">Nasza Witryna mo\u017ce zawiera\u0107 \u0142\u0105cza do innych witryn, kt\u00f3rych nie obs\u0142ugujemy. Klikni\u0119cie tych \u0142\u0105czy spowoduje przekierowanie do tych witryn. Zalecamy zapoznanie si\u0119 z ich polityk\u0105 prywatno\u015bci, poniewa\u017c nie ponosimy odpowiedzialno\u015bci za ich tre\u015b\u0107 lub praktyki.<\/span><\/p>\t\t\t\t\t\t\t\t<\/div>\n\t\t\t\t<\/div>\n\t\t\t\t<\/div>\n\t\t<div class=\"elementor-element elementor-element-5f546b2 e-con-full e-flex e-con e-child\" data-id=\"5f546b2\" data-element_type=\"container\" data-e-type=\"container\">\n\t\t\t\t<div class=\"elementor-element elementor-element-b2001df elementor-widget elementor-widget-heading\" data-id=\"b2001df\" data-element_type=\"widget\" data-e-type=\"widget\" data-widget_type=\"heading.default\">\n\t\t\t\t<div class=\"elementor-widget-container\">\n\t\t\t\t\t<h2 class=\"elementor-heading-title elementor-size-default\">Zmiany w niniejszej Polityce prywatno\u015bci<\/h2>\t\t\t\t<\/div>\n\t\t\t\t<\/div>\n\t\t\t\t<div class=\"elementor-element elementor-element-6985bf0 elementor-widget elementor-widget-text-editor\" data-id=\"6985bf0\" data-element_type=\"widget\" data-e-type=\"widget\" data-widget_type=\"text-editor.default\">\n\t\t\t\t<div class=\"elementor-widget-container\">\n\t\t\t\t\t\t\t\t\t<p><span data-sheets-root=\"1\">Od czasu do czasu mo\u017cemy aktualizowa\u0107 niniejsze zasady. Je\u015bli wprowadzimy zmiany, opublikujemy zaktualizowane zasady na tej stronie i powiadomimy u\u017cytkownika za po\u015brednictwem wiadomo\u015bci e-mail lub powiadomienia w naszej witrynie, zanim zmiany wejd\u0105 w \u017cycie.<\/span><\/p>\t\t\t\t\t\t\t\t<\/div>\n\t\t\t\t<\/div>\n\t\t\t\t<\/div>\n\t\t<div class=\"elementor-element elementor-element-ea84c8c e-con-full e-flex e-con e-child\" data-id=\"ea84c8c\" data-element_type=\"container\" data-e-type=\"container\">\n\t\t\t\t<div class=\"elementor-element elementor-element-26aede6 elementor-widget elementor-widget-heading\" data-id=\"26aede6\" data-element_type=\"widget\" data-e-type=\"widget\" data-widget_type=\"heading.default\">\n\t\t\t\t<div class=\"elementor-widget-container\">\n\t\t\t\t\t<h2 class=\"elementor-heading-title elementor-size-default\">Kontakt<\/h2>\t\t\t\t<\/div>\n\t\t\t\t<\/div>\n\t\t\t\t<div class=\"elementor-element elementor-element-86a7d69 elementor-widget elementor-widget-text-editor\" data-id=\"86a7d69\" data-element_type=\"widget\" data-e-type=\"widget\" data-widget_type=\"text-editor.default\">\n\t\t\t\t<div class=\"elementor-widget-container\">\n\t\t\t\t\t\t\t\t\t<p><span data-sheets-root=\"1\">W przypadku jakichkolwiek pyta\u0144 lub sugestii dotycz\u0105cych naszej Polityki prywatno\u015bci prosimy o kontakt pod adresem support@plinko77.com.<\/span><\/p>\t\t\t\t\t\t\t\t<\/div>\n\t\t\t\t<\/div>\n\t\t\t\t<\/div>\n\t\t\t\t<\/div>\n\t\t\t\t\t<\/div>\n\t\t\t\t<\/div>\n\t\t\t\t<div class=\"elementor-element elementor-element-8653ebb elementor-tablet-align-right elementor-mobile-align-center elementor-align-center elementor-widget elementor-widget-button\" data-id=\"8653ebb\" data-element_type=\"widget\" data-e-type=\"widget\" data-widget_type=\"button.default\">\n\t\t\t\t<div class=\"elementor-widget-container\">\n\t\t\t\t\t\t\t\t\t<div class=\"elementor-button-wrapper\">\n\t\t\t\t\t<a class=\"elementor-button elementor-button-link elementor-size-lg\" href=\"#\">\n\t\t\t\t\t\t<span class=\"elementor-button-content-wrapper\">\n\t\t\t\t\t\t\t\t\t<span class=\"elementor-button-text\">Zagraj w Plinko<\/span>\n\t\t\t\t\t<\/span>\n\t\t\t\t\t<\/a>\n\t\t\t\t<\/div>\n\t\t\t\t\t\t\t\t<\/div>\n\t\t\t\t<\/div>\n\t\t\t\t\t<\/div>\n\t\t<\/div>\n\t\t\t\t\t<\/div>\n\t\t<\/section>\n\t\t\t\t<\/div>","protected":false},"excerpt":{"rendered":"<p>Privacy Policy At Plinko77.com, we prioritize your privacy. We understand the importance of protecting your personal details and are dedicated to keeping your information secure. If you ever have any questions or need clarity on how we manage your data, feel free to reach out to us at support@plinko77.com. What We Collect and Why When [&hellip;]<\/p>\n","protected":false},"author":1,"featured_media":1538,"parent":0,"menu_order":0,"comment_status":"closed","ping_status":"closed","template":"","meta":{"footnotes":""},"class_list":["post-1650","page","type-page","status-publish","has-post-thumbnail","hentry"],"blocksy_meta":{"has_hero_section":"disabled","styles_descriptor":{"styles":{"desktop":"","tablet":"","mobile":""},"google_fonts":[],"version":6}},"yoast_head":"<!-- This site is optimized with the Yoast SEO plugin v27.3 - https:\/\/yoast.com\/product\/yoast-seo-wordpress\/ -->\n<title>Privacy Policy - Plinko 77<\/title>\n<meta name=\"robots\" content=\"noindex, follow\" \/>\n<meta property=\"og:locale\" content=\"pl_PL\" \/>\n<meta property=\"og:type\" content=\"article\" \/>\n<meta property=\"og:title\" content=\"Privacy Policy - Plinko 77\" \/>\n<meta property=\"og:description\" content=\"Privacy Policy At Plinko77.com, we prioritize your privacy. We understand the importance of protecting your personal details and are dedicated to keeping your information secure. If you ever have any questions or need clarity on how we manage your data, feel free to reach out to us at support@plinko77.com. What We Collect and Why When [&hellip;]\" \/>\n<meta property=\"og:url\" content=\"https:\/\/plinko77.com\/pl\/privacy-policy\/\" \/>\n<meta property=\"og:site_name\" content=\"Plinko 77\" \/>\n<meta property=\"article:modified_time\" content=\"2024-09-03T04:58:41+00:00\" \/>\n<meta property=\"og:image\" content=\"https:\/\/plinko77.com\/wp-content\/uploads\/2024\/08\/cropped-plinko-online-casino-slot-min.png\" \/>\n\t<meta property=\"og:image:width\" content=\"512\" \/>\n\t<meta property=\"og:image:height\" content=\"512\" \/>\n\t<meta property=\"og:image:type\" content=\"image\/png\" \/>\n<meta name=\"twitter:card\" content=\"summary_large_image\" \/>\n<meta name=\"twitter:label1\" content=\"Szacowany czas czytania\" \/>\n\t<meta name=\"twitter:data1\" content=\"3 minuty\" \/>\n<script type=\"application\/ld+json\" class=\"yoast-schema-graph\">{\"@context\":\"https:\\\/\\\/schema.org\",\"@graph\":[{\"@type\":\"WebPage\",\"@id\":\"https:\\\/\\\/plinko77.com\\\/privacy-policy\\\/\",\"url\":\"https:\\\/\\\/plinko77.com\\\/privacy-policy\\\/\",\"name\":\"Privacy Policy - Plinko 77\",\"isPartOf\":{\"@id\":\"https:\\\/\\\/plinko77.com\\\/#website\"},\"primaryImageOfPage\":{\"@id\":\"https:\\\/\\\/plinko77.com\\\/privacy-policy\\\/#primaryimage\"},\"image\":{\"@id\":\"https:\\\/\\\/plinko77.com\\\/privacy-policy\\\/#primaryimage\"},\"thumbnailUrl\":\"https:\\\/\\\/plinko77.com\\\/wp-content\\\/uploads\\\/2024\\\/08\\\/cropped-plinko-online-casino-slot-min.png\",\"datePublished\":\"2024-09-03T04:40:48+00:00\",\"dateModified\":\"2024-09-03T04:58:41+00:00\",\"breadcrumb\":{\"@id\":\"https:\\\/\\\/plinko77.com\\\/privacy-policy\\\/#breadcrumb\"},\"inLanguage\":\"pl-PL\",\"potentialAction\":[{\"@type\":\"ReadAction\",\"target\":[\"https:\\\/\\\/plinko77.com\\\/privacy-policy\\\/\"]}]},{\"@type\":\"ImageObject\",\"inLanguage\":\"pl-PL\",\"@id\":\"https:\\\/\\\/plinko77.com\\\/privacy-policy\\\/#primaryimage\",\"url\":\"https:\\\/\\\/plinko77.com\\\/wp-content\\\/uploads\\\/2024\\\/08\\\/cropped-plinko-online-casino-slot-min.png\",\"contentUrl\":\"https:\\\/\\\/plinko77.com\\\/wp-content\\\/uploads\\\/2024\\\/08\\\/cropped-plinko-online-casino-slot-min.png\",\"width\":512,\"height\":512,\"caption\":\"plinko77\"},{\"@type\":\"BreadcrumbList\",\"@id\":\"https:\\\/\\\/plinko77.com\\\/privacy-policy\\\/#breadcrumb\",\"itemListElement\":[{\"@type\":\"ListItem\",\"position\":1,\"name\":\"Home\",\"item\":\"https:\\\/\\\/plinko77.com\\\/\"},{\"@type\":\"ListItem\",\"position\":2,\"name\":\"Privacy Policy\"}]},{\"@type\":\"WebSite\",\"@id\":\"https:\\\/\\\/plinko77.com\\\/#website\",\"url\":\"https:\\\/\\\/plinko77.com\\\/\",\"name\":\"Plinko 77\",\"description\":\"\",\"publisher\":{\"@id\":\"https:\\\/\\\/plinko77.com\\\/#organization\"},\"potentialAction\":[{\"@type\":\"SearchAction\",\"target\":{\"@type\":\"EntryPoint\",\"urlTemplate\":\"https:\\\/\\\/plinko77.com\\\/?s={search_term_string}\"},\"query-input\":{\"@type\":\"PropertyValueSpecification\",\"valueRequired\":true,\"valueName\":\"search_term_string\"}}],\"inLanguage\":\"pl-PL\"},{\"@type\":\"Organization\",\"@id\":\"https:\\\/\\\/plinko77.com\\\/#organization\",\"name\":\"Plinko 77\",\"url\":\"https:\\\/\\\/plinko77.com\\\/\",\"logo\":{\"@type\":\"ImageObject\",\"inLanguage\":\"pl-PL\",\"@id\":\"https:\\\/\\\/plinko77.com\\\/#\\\/schema\\\/logo\\\/image\\\/\",\"url\":\"https:\\\/\\\/plinko77.com\\\/wp-content\\\/uploads\\\/2024\\\/08\\\/bf87083d-0832-4959-866f-0192bcfe0ba1-min.png\",\"contentUrl\":\"https:\\\/\\\/plinko77.com\\\/wp-content\\\/uploads\\\/2024\\\/08\\\/bf87083d-0832-4959-866f-0192bcfe0ba1-min.png\",\"width\":866,\"height\":343,\"caption\":\"Plinko 77\"},\"image\":{\"@id\":\"https:\\\/\\\/plinko77.com\\\/#\\\/schema\\\/logo\\\/image\\\/\"}}]}<\/script>\n<!-- \/ Yoast SEO plugin. -->","yoast_head_json":{"title":"Polityka prywatno\u015bci - Plinko 77","robots":{"index":"noindex","follow":"follow"},"og_locale":"pl_PL","og_type":"article","og_title":"Privacy Policy - Plinko 77","og_description":"Privacy Policy At Plinko77.com, we prioritize your privacy. We understand the importance of protecting your personal details and are dedicated to keeping your information secure. If you ever have any questions or need clarity on how we manage your data, feel free to reach out to us at support@plinko77.com. What We Collect and Why When [&hellip;]","og_url":"https:\/\/plinko77.com\/pl\/privacy-policy\/","og_site_name":"Plinko 77","article_modified_time":"2024-09-03T04:58:41+00:00","og_image":[{"width":512,"height":512,"url":"https:\/\/plinko77.com\/wp-content\/uploads\/2024\/08\/cropped-plinko-online-casino-slot-min.png","type":"image\/png"}],"twitter_card":"summary_large_image","twitter_misc":{"Szacowany czas czytania":"3 minuty"},"schema":{"@context":"https:\/\/schema.org","@graph":[{"@type":"WebPage","@id":"https:\/\/plinko77.com\/privacy-policy\/","url":"https:\/\/plinko77.com\/privacy-policy\/","name":"Polityka prywatno\u015bci - Plinko 77","isPartOf":{"@id":"https:\/\/plinko77.com\/#website"},"primaryImageOfPage":{"@id":"https:\/\/plinko77.com\/privacy-policy\/#primaryimage"},"image":{"@id":"https:\/\/plinko77.com\/privacy-policy\/#primaryimage"},"thumbnailUrl":"https:\/\/plinko77.com\/wp-content\/uploads\/2024\/08\/cropped-plinko-online-casino-slot-min.png","datePublished":"2024-09-03T04:40:48+00:00","dateModified":"2024-09-03T04:58:41+00:00","breadcrumb":{"@id":"https:\/\/plinko77.com\/privacy-policy\/#breadcrumb"},"inLanguage":"pl-PL","potentialAction":[{"@type":"ReadAction","target":["https:\/\/plinko77.com\/privacy-policy\/"]}]},{"@type":"ImageObject","inLanguage":"pl-PL","@id":"https:\/\/plinko77.com\/privacy-policy\/#primaryimage","url":"https:\/\/plinko77.com\/wp-content\/uploads\/2024\/08\/cropped-plinko-online-casino-slot-min.png","contentUrl":"https:\/\/plinko77.com\/wp-content\/uploads\/2024\/08\/cropped-plinko-online-casino-slot-min.png","width":512,"height":512,"caption":"plinko77"},{"@type":"BreadcrumbList","@id":"https:\/\/plinko77.com\/privacy-policy\/#breadcrumb","itemListElement":[{"@type":"ListItem","position":1,"name":"Home","item":"https:\/\/plinko77.com\/"},{"@type":"ListItem","position":2,"name":"Privacy Policy"}]},{"@type":"WebSite","@id":"https:\/\/plinko77.com\/#website","url":"https:\/\/plinko77.com\/","name":"Plinko 77","description":"","publisher":{"@id":"https:\/\/plinko77.com\/#organization"},"potentialAction":[{"@type":"SearchAction","target":{"@type":"EntryPoint","urlTemplate":"https:\/\/plinko77.com\/?s={search_term_string}"},"query-input":{"@type":"PropertyValueSpecification","valueRequired":true,"valueName":"search_term_string"}}],"inLanguage":"pl-PL"},{"@type":"Organization","@id":"https:\/\/plinko77.com\/#organization","name":"Plinko 77","url":"https:\/\/plinko77.com\/","logo":{"@type":"ImageObject","inLanguage":"pl-PL","@id":"https:\/\/plinko77.com\/#\/schema\/logo\/image\/","url":"https:\/\/plinko77.com\/wp-content\/uploads\/2024\/08\/bf87083d-0832-4959-866f-0192bcfe0ba1-min.png","contentUrl":"https:\/\/plinko77.com\/wp-content\/uploads\/2024\/08\/bf87083d-0832-4959-866f-0192bcfe0ba1-min.png","width":866,"height":343,"caption":"Plinko 77"},"image":{"@id":"https:\/\/plinko77.com\/#\/schema\/logo\/image\/"}}]}},"_links":{"self":[{"href":"https:\/\/plinko77.com\/pl\/wp-json\/wp\/v2\/pages\/1650","targetHints":{"allow":["GET"]}}],"collection":[{"href":"https:\/\/plinko77.com\/pl\/wp-json\/wp\/v2\/pages"}],"about":[{"href":"https:\/\/plinko77.com\/pl\/wp-json\/wp\/v2\/types\/page"}],"author":[{"embeddable":true,"href":"https:\/\/plinko77.com\/pl\/wp-json\/wp\/v2\/users\/1"}],"replies":[{"embeddable":true,"href":"https:\/\/plinko77.com\/pl\/wp-json\/wp\/v2\/comments?post=1650"}],"version-history":[{"count":4,"href":"https:\/\/plinko77.com\/pl\/wp-json\/wp\/v2\/pages\/1650\/revisions"}],"predecessor-version":[{"id":1654,"href":"https:\/\/plinko77.com\/pl\/wp-json\/wp\/v2\/pages\/1650\/revisions\/1654"}],"wp:featuredmedia":[{"embeddable":true,"href":"https:\/\/plinko77.com\/pl\/wp-json\/wp\/v2\/media\/1538"}],"wp:attachment":[{"href":"https:\/\/plinko77.com\/pl\/wp-json\/wp\/v2\/media?parent=1650"}],"curies":[{"name":"wp","href":"https:\/\/api.w.org\/{rel}","templated":true}]}}