{"id":1663,"date":"2024-09-03T04:57:30","date_gmt":"2024-09-03T04:57:30","guid":{"rendered":"https:\/\/plinko77.com\/?page_id=1663"},"modified":"2024-09-03T04:58:23","modified_gmt":"2024-09-03T04:58:23","slug":"about-us","status":"publish","type":"page","link":"https:\/\/plinko77.com\/fr\/about-us\/","title":{"rendered":"\u00c0 propos de nous"},"content":{"rendered":"<div data-elementor-type=\"wp-page\" data-elementor-id=\"1663\" class=\"elementor elementor-1663\">\n\t\t\t\t\t\t<section class=\"elementor-section elementor-top-section elementor-element elementor-element-a9534d0 elementor-section-boxed elementor-section-height-default elementor-section-height-default\" data-id=\"a9534d0\" data-element_type=\"section\" data-e-type=\"section\">\n\t\t\t\t\t\t<div class=\"elementor-container elementor-column-gap-default\">\n\t\t\t\t\t<div class=\"elementor-column elementor-col-100 elementor-top-column elementor-element elementor-element-af7209e\" data-id=\"af7209e\" data-element_type=\"column\" data-e-type=\"column\">\n\t\t\t<div class=\"elementor-widget-wrap elementor-element-populated\">\n\t\t\t\t\t\t<div class=\"elementor-element elementor-element-5c5e1a0 elementor-widget elementor-widget-spacer\" data-id=\"5c5e1a0\" data-element_type=\"widget\" data-e-type=\"widget\" data-widget_type=\"spacer.default\">\n\t\t\t\t<div class=\"elementor-widget-container\">\n\t\t\t\t\t\t\t<div class=\"elementor-spacer\">\n\t\t\t<div class=\"elementor-spacer-inner\"><\/div>\n\t\t<\/div>\n\t\t\t\t\t\t<\/div>\n\t\t\t\t<\/div>\n\t\t\t\t<div class=\"elementor-element elementor-element-000767e elementor-widget elementor-widget-heading\" data-id=\"000767e\" data-element_type=\"widget\" data-e-type=\"widget\" data-widget_type=\"heading.default\">\n\t\t\t\t<div class=\"elementor-widget-container\">\n\t\t\t\t\t<h1 class=\"elementor-heading-title elementor-size-default\">Qui sommes-nous ?<\/h1>\t\t\t\t<\/div>\n\t\t\t\t<\/div>\n\t\t\t\t<div class=\"elementor-element elementor-element-9b21098 elementor-widget elementor-widget-text-editor\" data-id=\"9b21098\" data-element_type=\"widget\" data-e-type=\"widget\" data-widget_type=\"text-editor.default\">\n\t\t\t\t<div class=\"elementor-widget-container\">\n\t\t\t\t\t\t\t\t\t<p><span data-sheets-root=\"1\">Plinko77.com est votre ressource d\u00e9di\u00e9e pour tout ce qui concerne les machines \u00e0 sous en ligne, avec un accent particulier sur Plinko. Notre objectif est de vous fournir des informations fiables et directes qui am\u00e9liorent votre exp\u00e9rience de jeu.<br \/><br \/>Notre engagement va au-del\u00e0 du simple partage de conseils et d'avis. Nous donnons la priorit\u00e9 au jeu responsable, en veillant \u00e0 ce que vous ayez acc\u00e8s aux outils et aux connaissances n\u00e9cessaires pour jouer en toute s\u00e9curit\u00e9 et de mani\u00e8re intelligente. Chaque contenu que nous cr\u00e9ons vise \u00e0 rendre votre visite sur notre site \u00e0 la fois agr\u00e9able et instructive.<br \/><br \/>L'\u00e9quipe de Plinko77.com est compos\u00e9e de professionnels chevronn\u00e9s qui apportent des ann\u00e9es d'expertise dans l'industrie du jeu en ligne. Nous sommes passionn\u00e9s par la fourniture d'un contenu \u00e0 la fois pr\u00e9cis et facile \u00e0 comprendre, afin que vous puissiez faire des choix \u00e9clair\u00e9s lorsque vous jouez \u00e0 vos jeux pr\u00e9f\u00e9r\u00e9s.<br \/><br \/>L'int\u00e9grit\u00e9 est au c\u0153ur de notre activit\u00e9. Nous offrons des \u00e9valuations honn\u00eates des jeux de machines \u00e0 sous, en vous donnant des informations claires et impartiales pour guider vos d\u00e9cisions.<br \/><br \/>Alors que le monde des jeux en ligne \u00e9volue rapidement, nous restons \u00e0 l'aff\u00fbt des derniers d\u00e9veloppements et des derni\u00e8res tendances, pour que vous soyez toujours inform\u00e9. Qu'il s'agisse de mises \u00e0 jour de Plinko ou de nouvelles fonctionnalit\u00e9s de jeu, nous vous tenons au courant.<br \/><br \/>Plinko77.com est l\u00e0 pour vous accompagner dans votre parcours de jeu avec des informations et des mises \u00e0 jour qui comptent. Nous ne sommes pas un simple site d'\u00e9valuation, nous sommes votre partenaire dans le monde des machines \u00e0 sous en ligne.<\/span><\/p>\t\t\t\t\t\t\t\t<\/div>\n\t\t\t\t<\/div>\n\t\t\t\t<div class=\"elementor-element elementor-element-a151b2f elementor-tablet-align-right elementor-mobile-align-center elementor-align-center elementor-widget elementor-widget-button\" data-id=\"a151b2f\" data-element_type=\"widget\" data-e-type=\"widget\" data-widget_type=\"button.default\">\n\t\t\t\t<div class=\"elementor-widget-container\">\n\t\t\t\t\t\t\t\t\t<div class=\"elementor-button-wrapper\">\n\t\t\t\t\t<a class=\"elementor-button elementor-button-link elementor-size-lg\" href=\"#\">\n\t\t\t\t\t\t<span class=\"elementor-button-content-wrapper\">\n\t\t\t\t\t\t\t\t\t<span class=\"elementor-button-text\">Jouer au jeu<\/span>\n\t\t\t\t\t<\/span>\n\t\t\t\t\t<\/a>\n\t\t\t\t<\/div>\n\t\t\t\t\t\t\t\t<\/div>\n\t\t\t\t<\/div>\n\t\t\t\t\t<\/div>\n\t\t<\/div>\n\t\t\t\t\t<\/div>\n\t\t<\/section>\n\t\t\t\t<\/div>","protected":false},"excerpt":{"rendered":"<p>Who We Are Plinko77.com is your dedicated resource for everything related to online slots, with a special focus on Plinko. Our goal is to provide you with reliable, straightforward information that enhances your gaming experience. Our commitment goes beyond just sharing tips and reviews. We prioritize responsible gaming, ensuring that you have access to tools [&hellip;]<\/p>\n","protected":false},"author":1,"featured_media":1538,"parent":0,"menu_order":0,"comment_status":"closed","ping_status":"closed","template":"","meta":{"footnotes":""},"class_list":["post-1663","page","type-page","status-publish","has-post-thumbnail","hentry"],"blocksy_meta":{"has_hero_section":"disabled","styles_descriptor":{"styles":{"desktop":"","tablet":"","mobile":""},"google_fonts":[],"version":6}},"yoast_head":"<!-- This site is optimized with the Yoast SEO plugin v27.3 - https:\/\/yoast.com\/product\/yoast-seo-wordpress\/ -->\n<title>About Us - Plinko 77<\/title>\n<meta name=\"robots\" content=\"index, follow, max-snippet:-1, max-image-preview:large, max-video-preview:-1\" \/>\n<link rel=\"canonical\" href=\"https:\/\/plinko77.com\/fr\/about-us\/\" \/>\n<meta property=\"og:locale\" content=\"fr_FR\" \/>\n<meta property=\"og:type\" content=\"article\" \/>\n<meta property=\"og:title\" content=\"About Us - Plinko 77\" \/>\n<meta property=\"og:description\" content=\"Who We Are Plinko77.com is your dedicated resource for everything related to online slots, with a special focus on Plinko. Our goal is to provide you with reliable, straightforward information that enhances your gaming experience. Our commitment goes beyond just sharing tips and reviews. We prioritize responsible gaming, ensuring that you have access to tools [&hellip;]\" \/>\n<meta property=\"og:url\" content=\"https:\/\/plinko77.com\/fr\/about-us\/\" \/>\n<meta property=\"og:site_name\" content=\"Plinko 77\" \/>\n<meta property=\"article:modified_time\" content=\"2024-09-03T04:58:23+00:00\" \/>\n<meta property=\"og:image\" content=\"https:\/\/plinko77.com\/wp-content\/uploads\/2024\/08\/cropped-plinko-online-casino-slot-min.png\" \/>\n\t<meta property=\"og:image:width\" content=\"512\" \/>\n\t<meta property=\"og:image:height\" content=\"512\" \/>\n\t<meta property=\"og:image:type\" content=\"image\/png\" \/>\n<meta name=\"twitter:card\" content=\"summary_large_image\" \/>\n<meta name=\"twitter:label1\" content=\"Dur\u00e9e de lecture estim\u00e9e\" \/>\n\t<meta name=\"twitter:data1\" content=\"1 minute\" \/>\n<script type=\"application\/ld+json\" class=\"yoast-schema-graph\">{\"@context\":\"https:\\\/\\\/schema.org\",\"@graph\":[{\"@type\":\"WebPage\",\"@id\":\"https:\\\/\\\/plinko77.com\\\/about-us\\\/\",\"url\":\"https:\\\/\\\/plinko77.com\\\/about-us\\\/\",\"name\":\"About Us - Plinko 77\",\"isPartOf\":{\"@id\":\"https:\\\/\\\/plinko77.com\\\/#website\"},\"primaryImageOfPage\":{\"@id\":\"https:\\\/\\\/plinko77.com\\\/about-us\\\/#primaryimage\"},\"image\":{\"@id\":\"https:\\\/\\\/plinko77.com\\\/about-us\\\/#primaryimage\"},\"thumbnailUrl\":\"https:\\\/\\\/plinko77.com\\\/wp-content\\\/uploads\\\/2024\\\/08\\\/cropped-plinko-online-casino-slot-min.png\",\"datePublished\":\"2024-09-03T04:57:30+00:00\",\"dateModified\":\"2024-09-03T04:58:23+00:00\",\"breadcrumb\":{\"@id\":\"https:\\\/\\\/plinko77.com\\\/about-us\\\/#breadcrumb\"},\"inLanguage\":\"fr-FR\",\"potentialAction\":[{\"@type\":\"ReadAction\",\"target\":[\"https:\\\/\\\/plinko77.com\\\/about-us\\\/\"]}]},{\"@type\":\"ImageObject\",\"inLanguage\":\"fr-FR\",\"@id\":\"https:\\\/\\\/plinko77.com\\\/about-us\\\/#primaryimage\",\"url\":\"https:\\\/\\\/plinko77.com\\\/wp-content\\\/uploads\\\/2024\\\/08\\\/cropped-plinko-online-casino-slot-min.png\",\"contentUrl\":\"https:\\\/\\\/plinko77.com\\\/wp-content\\\/uploads\\\/2024\\\/08\\\/cropped-plinko-online-casino-slot-min.png\",\"width\":512,\"height\":512,\"caption\":\"plinko77\"},{\"@type\":\"BreadcrumbList\",\"@id\":\"https:\\\/\\\/plinko77.com\\\/about-us\\\/#breadcrumb\",\"itemListElement\":[{\"@type\":\"ListItem\",\"position\":1,\"name\":\"Home\",\"item\":\"https:\\\/\\\/plinko77.com\\\/\"},{\"@type\":\"ListItem\",\"position\":2,\"name\":\"About Us\"}]},{\"@type\":\"WebSite\",\"@id\":\"https:\\\/\\\/plinko77.com\\\/#website\",\"url\":\"https:\\\/\\\/plinko77.com\\\/\",\"name\":\"Plinko 77\",\"description\":\"\",\"publisher\":{\"@id\":\"https:\\\/\\\/plinko77.com\\\/#organization\"},\"potentialAction\":[{\"@type\":\"SearchAction\",\"target\":{\"@type\":\"EntryPoint\",\"urlTemplate\":\"https:\\\/\\\/plinko77.com\\\/?s={search_term_string}\"},\"query-input\":{\"@type\":\"PropertyValueSpecification\",\"valueRequired\":true,\"valueName\":\"search_term_string\"}}],\"inLanguage\":\"fr-FR\"},{\"@type\":\"Organization\",\"@id\":\"https:\\\/\\\/plinko77.com\\\/#organization\",\"name\":\"Plinko 77\",\"url\":\"https:\\\/\\\/plinko77.com\\\/\",\"logo\":{\"@type\":\"ImageObject\",\"inLanguage\":\"fr-FR\",\"@id\":\"https:\\\/\\\/plinko77.com\\\/#\\\/schema\\\/logo\\\/image\\\/\",\"url\":\"https:\\\/\\\/plinko77.com\\\/wp-content\\\/uploads\\\/2024\\\/08\\\/bf87083d-0832-4959-866f-0192bcfe0ba1-min.png\",\"contentUrl\":\"https:\\\/\\\/plinko77.com\\\/wp-content\\\/uploads\\\/2024\\\/08\\\/bf87083d-0832-4959-866f-0192bcfe0ba1-min.png\",\"width\":866,\"height\":343,\"caption\":\"Plinko 77\"},\"image\":{\"@id\":\"https:\\\/\\\/plinko77.com\\\/#\\\/schema\\\/logo\\\/image\\\/\"}}]}<\/script>\n<!-- \/ Yoast SEO plugin. -->","yoast_head_json":{"title":"\u00c0 propos de nous - Plinko 77","robots":{"index":"index","follow":"follow","max-snippet":"max-snippet:-1","max-image-preview":"max-image-preview:large","max-video-preview":"max-video-preview:-1"},"canonical":"https:\/\/plinko77.com\/fr\/about-us\/","og_locale":"fr_FR","og_type":"article","og_title":"About Us - Plinko 77","og_description":"Who We Are Plinko77.com is your dedicated resource for everything related to online slots, with a special focus on Plinko. Our goal is to provide you with reliable, straightforward information that enhances your gaming experience. Our commitment goes beyond just sharing tips and reviews. We prioritize responsible gaming, ensuring that you have access to tools [&hellip;]","og_url":"https:\/\/plinko77.com\/fr\/about-us\/","og_site_name":"Plinko 77","article_modified_time":"2024-09-03T04:58:23+00:00","og_image":[{"width":512,"height":512,"url":"https:\/\/plinko77.com\/wp-content\/uploads\/2024\/08\/cropped-plinko-online-casino-slot-min.png","type":"image\/png"}],"twitter_card":"summary_large_image","twitter_misc":{"Dur\u00e9e de lecture estim\u00e9e":"1 minute"},"schema":{"@context":"https:\/\/schema.org","@graph":[{"@type":"WebPage","@id":"https:\/\/plinko77.com\/about-us\/","url":"https:\/\/plinko77.com\/about-us\/","name":"\u00c0 propos de nous - Plinko 77","isPartOf":{"@id":"https:\/\/plinko77.com\/#website"},"primaryImageOfPage":{"@id":"https:\/\/plinko77.com\/about-us\/#primaryimage"},"image":{"@id":"https:\/\/plinko77.com\/about-us\/#primaryimage"},"thumbnailUrl":"https:\/\/plinko77.com\/wp-content\/uploads\/2024\/08\/cropped-plinko-online-casino-slot-min.png","datePublished":"2024-09-03T04:57:30+00:00","dateModified":"2024-09-03T04:58:23+00:00","breadcrumb":{"@id":"https:\/\/plinko77.com\/about-us\/#breadcrumb"},"inLanguage":"fr-FR","potentialAction":[{"@type":"ReadAction","target":["https:\/\/plinko77.com\/about-us\/"]}]},{"@type":"ImageObject","inLanguage":"fr-FR","@id":"https:\/\/plinko77.com\/about-us\/#primaryimage","url":"https:\/\/plinko77.com\/wp-content\/uploads\/2024\/08\/cropped-plinko-online-casino-slot-min.png","contentUrl":"https:\/\/plinko77.com\/wp-content\/uploads\/2024\/08\/cropped-plinko-online-casino-slot-min.png","width":512,"height":512,"caption":"plinko77"},{"@type":"BreadcrumbList","@id":"https:\/\/plinko77.com\/about-us\/#breadcrumb","itemListElement":[{"@type":"ListItem","position":1,"name":"Home","item":"https:\/\/plinko77.com\/"},{"@type":"ListItem","position":2,"name":"About Us"}]},{"@type":"WebSite","@id":"https:\/\/plinko77.com\/#website","url":"https:\/\/plinko77.com\/","name":"Plinko 77","description":"","publisher":{"@id":"https:\/\/plinko77.com\/#organization"},"potentialAction":[{"@type":"SearchAction","target":{"@type":"EntryPoint","urlTemplate":"https:\/\/plinko77.com\/?s={search_term_string}"},"query-input":{"@type":"PropertyValueSpecification","valueRequired":true,"valueName":"search_term_string"}}],"inLanguage":"fr-FR"},{"@type":"Organization","@id":"https:\/\/plinko77.com\/#organization","name":"Plinko 77","url":"https:\/\/plinko77.com\/","logo":{"@type":"ImageObject","inLanguage":"fr-FR","@id":"https:\/\/plinko77.com\/#\/schema\/logo\/image\/","url":"https:\/\/plinko77.com\/wp-content\/uploads\/2024\/08\/bf87083d-0832-4959-866f-0192bcfe0ba1-min.png","contentUrl":"https:\/\/plinko77.com\/wp-content\/uploads\/2024\/08\/bf87083d-0832-4959-866f-0192bcfe0ba1-min.png","width":866,"height":343,"caption":"Plinko 77"},"image":{"@id":"https:\/\/plinko77.com\/#\/schema\/logo\/image\/"}}]}},"_links":{"self":[{"href":"https:\/\/plinko77.com\/fr\/wp-json\/wp\/v2\/pages\/1663","targetHints":{"allow":["GET"]}}],"collection":[{"href":"https:\/\/plinko77.com\/fr\/wp-json\/wp\/v2\/pages"}],"about":[{"href":"https:\/\/plinko77.com\/fr\/wp-json\/wp\/v2\/types\/page"}],"author":[{"embeddable":true,"href":"https:\/\/plinko77.com\/fr\/wp-json\/wp\/v2\/users\/1"}],"replies":[{"embeddable":true,"href":"https:\/\/plinko77.com\/fr\/wp-json\/wp\/v2\/comments?post=1663"}],"version-history":[{"count":4,"href":"https:\/\/plinko77.com\/fr\/wp-json\/wp\/v2\/pages\/1663\/revisions"}],"predecessor-version":[{"id":1667,"href":"https:\/\/plinko77.com\/fr\/wp-json\/wp\/v2\/pages\/1663\/revisions\/1667"}],"wp:featuredmedia":[{"embeddable":true,"href":"https:\/\/plinko77.com\/fr\/wp-json\/wp\/v2\/media\/1538"}],"wp:attachment":[{"href":"https:\/\/plinko77.com\/fr\/wp-json\/wp\/v2\/media?parent=1663"}],"curies":[{"name":"wp","href":"https:\/\/api.w.org\/{rel}","templated":true}]}}