{"id":1663,"date":"2024-09-03T04:57:30","date_gmt":"2024-09-03T04:57:30","guid":{"rendered":"https:\/\/plinko77.com\/?page_id=1663"},"modified":"2024-09-03T04:58:23","modified_gmt":"2024-09-03T04:58:23","slug":"about-us","status":"publish","type":"page","link":"https:\/\/plinko77.com\/de\/about-us\/","title":{"rendered":"\u00dcber uns"},"content":{"rendered":"<div data-elementor-type=\"wp-page\" data-elementor-id=\"1663\" class=\"elementor elementor-1663\">\n\t\t\t\t\t\t<section class=\"elementor-section elementor-top-section elementor-element elementor-element-a9534d0 elementor-section-boxed elementor-section-height-default elementor-section-height-default\" data-id=\"a9534d0\" data-element_type=\"section\" data-e-type=\"section\">\n\t\t\t\t\t\t<div class=\"elementor-container elementor-column-gap-default\">\n\t\t\t\t\t<div class=\"elementor-column elementor-col-100 elementor-top-column elementor-element elementor-element-af7209e\" data-id=\"af7209e\" data-element_type=\"column\" data-e-type=\"column\">\n\t\t\t<div class=\"elementor-widget-wrap elementor-element-populated\">\n\t\t\t\t\t\t<div class=\"elementor-element elementor-element-5c5e1a0 elementor-widget elementor-widget-spacer\" data-id=\"5c5e1a0\" data-element_type=\"widget\" data-e-type=\"widget\" data-widget_type=\"spacer.default\">\n\t\t\t\t<div class=\"elementor-widget-container\">\n\t\t\t\t\t\t\t<div class=\"elementor-spacer\">\n\t\t\t<div class=\"elementor-spacer-inner\"><\/div>\n\t\t<\/div>\n\t\t\t\t\t\t<\/div>\n\t\t\t\t<\/div>\n\t\t\t\t<div class=\"elementor-element elementor-element-000767e elementor-widget elementor-widget-heading\" data-id=\"000767e\" data-element_type=\"widget\" data-e-type=\"widget\" data-widget_type=\"heading.default\">\n\t\t\t\t<div class=\"elementor-widget-container\">\n\t\t\t\t\t<h1 class=\"elementor-heading-title elementor-size-default\">Wer wir sind<\/h1>\t\t\t\t<\/div>\n\t\t\t\t<\/div>\n\t\t\t\t<div class=\"elementor-element elementor-element-9b21098 elementor-widget elementor-widget-text-editor\" data-id=\"9b21098\" data-element_type=\"widget\" data-e-type=\"widget\" data-widget_type=\"text-editor.default\">\n\t\t\t\t<div class=\"elementor-widget-container\">\n\t\t\t\t\t\t\t\t\t<p><span data-sheets-root=\"1\">Plinko77.com ist Ihre Anlaufstelle f\u00fcr alles, was mit Online-Slots zu tun hat, mit besonderem Schwerpunkt auf Plinko. Unser Ziel ist es, Sie mit zuverl\u00e4ssigen, unkomplizierten Informationen zu versorgen, die Ihr Spielerlebnis verbessern.<br \/><br \/>Unser Engagement geht \u00fcber das Teilen von Tipps und Bewertungen hinaus. Wir legen gro\u00dfen Wert auf verantwortungsbewusstes Spielen und stellen sicher, dass Sie Zugang zu Tools und Wissen haben, um sicher und klug zu spielen. Jeder Inhalt, den wir erstellen, soll Ihnen den Aufenthalt auf unserer Website angenehm und informativ gestalten.<br \/><br \/>Das Team hinter Plinko77.com besteht aus erfahrenen Fachleuten, die \u00fcber jahrelange Erfahrung in der Online-Gl\u00fccksspielbranche verf\u00fcgen. Unsere Leidenschaft ist es, Inhalte zu liefern, die sowohl akkurat als auch einfach zu verstehen sind, damit Sie fundierte Entscheidungen treffen k\u00f6nnen, wenn Sie Ihre Lieblingsspiele spielen.<br \/><br \/>Integrit\u00e4t steht im Mittelpunkt unseres Handelns. Wir bieten ehrliche Bewertungen von Spielautomaten und geben Ihnen klare und unvoreingenommene Informationen, die Sie bei Ihren Entscheidungen unterst\u00fctzen.<br \/><br \/>Da sich die Welt des Online-Gl\u00fccksspiels schnell ver\u00e4ndert, halten wir uns \u00fcber die neuesten Entwicklungen und Trends auf dem Laufenden, damit Sie immer informiert sind. Ob es sich um Updates f\u00fcr Plinko oder neue Spielfunktionen handelt, wir halten Sie auf dem Laufenden.<br \/><br \/>Plinko77.com ist hier, um Sie auf Ihrer Reise durch die Welt des Gl\u00fccksspiels mit wichtigen Informationen und Updates zu unterst\u00fctzen. Wir sind nicht nur eine weitere Testseite, sondern Ihr Partner in der Welt der Online-Slots.<\/span><\/p>\t\t\t\t\t\t\t\t<\/div>\n\t\t\t\t<\/div>\n\t\t\t\t<div class=\"elementor-element elementor-element-a151b2f elementor-tablet-align-right elementor-mobile-align-center elementor-align-center elementor-widget elementor-widget-button\" data-id=\"a151b2f\" data-element_type=\"widget\" data-e-type=\"widget\" data-widget_type=\"button.default\">\n\t\t\t\t<div class=\"elementor-widget-container\">\n\t\t\t\t\t\t\t\t\t<div class=\"elementor-button-wrapper\">\n\t\t\t\t\t<a class=\"elementor-button elementor-button-link elementor-size-lg\" href=\"#\">\n\t\t\t\t\t\t<span class=\"elementor-button-content-wrapper\">\n\t\t\t\t\t\t\t\t\t<span class=\"elementor-button-text\">Plinko spielen<\/span>\n\t\t\t\t\t<\/span>\n\t\t\t\t\t<\/a>\n\t\t\t\t<\/div>\n\t\t\t\t\t\t\t\t<\/div>\n\t\t\t\t<\/div>\n\t\t\t\t\t<\/div>\n\t\t<\/div>\n\t\t\t\t\t<\/div>\n\t\t<\/section>\n\t\t\t\t<\/div>","protected":false},"excerpt":{"rendered":"<p>Who We Are Plinko77.com is your dedicated resource for everything related to online slots, with a special focus on Plinko. Our goal is to provide you with reliable, straightforward information that enhances your gaming experience. Our commitment goes beyond just sharing tips and reviews. We prioritize responsible gaming, ensuring that you have access to tools [&hellip;]<\/p>\n","protected":false},"author":1,"featured_media":1538,"parent":0,"menu_order":0,"comment_status":"closed","ping_status":"closed","template":"","meta":{"footnotes":""},"class_list":["post-1663","page","type-page","status-publish","has-post-thumbnail","hentry"],"blocksy_meta":{"has_hero_section":"disabled","styles_descriptor":{"styles":{"desktop":"","tablet":"","mobile":""},"google_fonts":[],"version":6}},"yoast_head":"<!-- This site is optimized with the Yoast SEO plugin v27.4 - https:\/\/yoast.com\/product\/yoast-seo-wordpress\/ -->\n<title>About Us - Plinko 77<\/title>\n<meta name=\"robots\" content=\"index, follow, max-snippet:-1, max-image-preview:large, max-video-preview:-1\" \/>\n<link rel=\"canonical\" href=\"https:\/\/plinko77.com\/de\/about-us\/\" \/>\n<meta property=\"og:locale\" content=\"de_DE\" \/>\n<meta property=\"og:type\" content=\"article\" \/>\n<meta property=\"og:title\" content=\"About Us - Plinko 77\" \/>\n<meta property=\"og:description\" content=\"Who We Are Plinko77.com is your dedicated resource for everything related to online slots, with a special focus on Plinko. Our goal is to provide you with reliable, straightforward information that enhances your gaming experience. Our commitment goes beyond just sharing tips and reviews. We prioritize responsible gaming, ensuring that you have access to tools [&hellip;]\" \/>\n<meta property=\"og:url\" content=\"https:\/\/plinko77.com\/de\/about-us\/\" \/>\n<meta property=\"og:site_name\" content=\"Plinko 77\" \/>\n<meta property=\"article:modified_time\" content=\"2024-09-03T04:58:23+00:00\" \/>\n<meta property=\"og:image\" content=\"https:\/\/plinko77.com\/wp-content\/uploads\/2024\/08\/cropped-plinko-online-casino-slot-min.png\" \/>\n\t<meta property=\"og:image:width\" content=\"512\" \/>\n\t<meta property=\"og:image:height\" content=\"512\" \/>\n\t<meta property=\"og:image:type\" content=\"image\/png\" \/>\n<meta name=\"twitter:card\" content=\"summary_large_image\" \/>\n<meta name=\"twitter:label1\" content=\"Gesch\u00e4tzte Lesezeit\" \/>\n\t<meta name=\"twitter:data1\" content=\"1\u00a0Minute\" \/>\n<script type=\"application\/ld+json\" class=\"yoast-schema-graph\">{\"@context\":\"https:\\\/\\\/schema.org\",\"@graph\":[{\"@type\":\"WebPage\",\"@id\":\"https:\\\/\\\/plinko77.com\\\/about-us\\\/\",\"url\":\"https:\\\/\\\/plinko77.com\\\/about-us\\\/\",\"name\":\"About Us - Plinko 77\",\"isPartOf\":{\"@id\":\"https:\\\/\\\/plinko77.com\\\/#website\"},\"primaryImageOfPage\":{\"@id\":\"https:\\\/\\\/plinko77.com\\\/about-us\\\/#primaryimage\"},\"image\":{\"@id\":\"https:\\\/\\\/plinko77.com\\\/about-us\\\/#primaryimage\"},\"thumbnailUrl\":\"https:\\\/\\\/plinko77.com\\\/wp-content\\\/uploads\\\/2024\\\/08\\\/cropped-plinko-online-casino-slot-min.png\",\"datePublished\":\"2024-09-03T04:57:30+00:00\",\"dateModified\":\"2024-09-03T04:58:23+00:00\",\"breadcrumb\":{\"@id\":\"https:\\\/\\\/plinko77.com\\\/about-us\\\/#breadcrumb\"},\"inLanguage\":\"de\",\"potentialAction\":[{\"@type\":\"ReadAction\",\"target\":[\"https:\\\/\\\/plinko77.com\\\/about-us\\\/\"]}]},{\"@type\":\"ImageObject\",\"inLanguage\":\"de\",\"@id\":\"https:\\\/\\\/plinko77.com\\\/about-us\\\/#primaryimage\",\"url\":\"https:\\\/\\\/plinko77.com\\\/wp-content\\\/uploads\\\/2024\\\/08\\\/cropped-plinko-online-casino-slot-min.png\",\"contentUrl\":\"https:\\\/\\\/plinko77.com\\\/wp-content\\\/uploads\\\/2024\\\/08\\\/cropped-plinko-online-casino-slot-min.png\",\"width\":512,\"height\":512,\"caption\":\"plinko77\"},{\"@type\":\"BreadcrumbList\",\"@id\":\"https:\\\/\\\/plinko77.com\\\/about-us\\\/#breadcrumb\",\"itemListElement\":[{\"@type\":\"ListItem\",\"position\":1,\"name\":\"Home\",\"item\":\"https:\\\/\\\/plinko77.com\\\/\"},{\"@type\":\"ListItem\",\"position\":2,\"name\":\"About Us\"}]},{\"@type\":\"WebSite\",\"@id\":\"https:\\\/\\\/plinko77.com\\\/#website\",\"url\":\"https:\\\/\\\/plinko77.com\\\/\",\"name\":\"Plinko 77\",\"description\":\"\",\"publisher\":{\"@id\":\"https:\\\/\\\/plinko77.com\\\/#organization\"},\"potentialAction\":[{\"@type\":\"SearchAction\",\"target\":{\"@type\":\"EntryPoint\",\"urlTemplate\":\"https:\\\/\\\/plinko77.com\\\/?s={search_term_string}\"},\"query-input\":{\"@type\":\"PropertyValueSpecification\",\"valueRequired\":true,\"valueName\":\"search_term_string\"}}],\"inLanguage\":\"de\"},{\"@type\":\"Organization\",\"@id\":\"https:\\\/\\\/plinko77.com\\\/#organization\",\"name\":\"Plinko 77\",\"url\":\"https:\\\/\\\/plinko77.com\\\/\",\"logo\":{\"@type\":\"ImageObject\",\"inLanguage\":\"de\",\"@id\":\"https:\\\/\\\/plinko77.com\\\/#\\\/schema\\\/logo\\\/image\\\/\",\"url\":\"https:\\\/\\\/plinko77.com\\\/wp-content\\\/uploads\\\/2024\\\/08\\\/bf87083d-0832-4959-866f-0192bcfe0ba1-min.png\",\"contentUrl\":\"https:\\\/\\\/plinko77.com\\\/wp-content\\\/uploads\\\/2024\\\/08\\\/bf87083d-0832-4959-866f-0192bcfe0ba1-min.png\",\"width\":866,\"height\":343,\"caption\":\"Plinko 77\"},\"image\":{\"@id\":\"https:\\\/\\\/plinko77.com\\\/#\\\/schema\\\/logo\\\/image\\\/\"}}]}<\/script>\n<!-- \/ Yoast SEO plugin. -->","yoast_head_json":{"title":"\u00dcber uns - Plinko 77","robots":{"index":"index","follow":"follow","max-snippet":"max-snippet:-1","max-image-preview":"max-image-preview:large","max-video-preview":"max-video-preview:-1"},"canonical":"https:\/\/plinko77.com\/de\/about-us\/","og_locale":"de_DE","og_type":"article","og_title":"About Us - Plinko 77","og_description":"Who We Are Plinko77.com is your dedicated resource for everything related to online slots, with a special focus on Plinko. Our goal is to provide you with reliable, straightforward information that enhances your gaming experience. Our commitment goes beyond just sharing tips and reviews. We prioritize responsible gaming, ensuring that you have access to tools [&hellip;]","og_url":"https:\/\/plinko77.com\/de\/about-us\/","og_site_name":"Plinko 77","article_modified_time":"2024-09-03T04:58:23+00:00","og_image":[{"width":512,"height":512,"url":"https:\/\/plinko77.com\/wp-content\/uploads\/2024\/08\/cropped-plinko-online-casino-slot-min.png","type":"image\/png"}],"twitter_card":"summary_large_image","twitter_misc":{"Gesch\u00e4tzte Lesezeit":"1\u00a0Minute"},"schema":{"@context":"https:\/\/schema.org","@graph":[{"@type":"WebPage","@id":"https:\/\/plinko77.com\/about-us\/","url":"https:\/\/plinko77.com\/about-us\/","name":"\u00dcber uns - Plinko 77","isPartOf":{"@id":"https:\/\/plinko77.com\/#website"},"primaryImageOfPage":{"@id":"https:\/\/plinko77.com\/about-us\/#primaryimage"},"image":{"@id":"https:\/\/plinko77.com\/about-us\/#primaryimage"},"thumbnailUrl":"https:\/\/plinko77.com\/wp-content\/uploads\/2024\/08\/cropped-plinko-online-casino-slot-min.png","datePublished":"2024-09-03T04:57:30+00:00","dateModified":"2024-09-03T04:58:23+00:00","breadcrumb":{"@id":"https:\/\/plinko77.com\/about-us\/#breadcrumb"},"inLanguage":"de","potentialAction":[{"@type":"ReadAction","target":["https:\/\/plinko77.com\/about-us\/"]}]},{"@type":"ImageObject","inLanguage":"de","@id":"https:\/\/plinko77.com\/about-us\/#primaryimage","url":"https:\/\/plinko77.com\/wp-content\/uploads\/2024\/08\/cropped-plinko-online-casino-slot-min.png","contentUrl":"https:\/\/plinko77.com\/wp-content\/uploads\/2024\/08\/cropped-plinko-online-casino-slot-min.png","width":512,"height":512,"caption":"plinko77"},{"@type":"BreadcrumbList","@id":"https:\/\/plinko77.com\/about-us\/#breadcrumb","itemListElement":[{"@type":"ListItem","position":1,"name":"Home","item":"https:\/\/plinko77.com\/"},{"@type":"ListItem","position":2,"name":"About Us"}]},{"@type":"WebSite","@id":"https:\/\/plinko77.com\/#website","url":"https:\/\/plinko77.com\/","name":"Plinko 77","description":"","publisher":{"@id":"https:\/\/plinko77.com\/#organization"},"potentialAction":[{"@type":"SearchAction","target":{"@type":"EntryPoint","urlTemplate":"https:\/\/plinko77.com\/?s={search_term_string}"},"query-input":{"@type":"PropertyValueSpecification","valueRequired":true,"valueName":"search_term_string"}}],"inLanguage":"de"},{"@type":"Organization","@id":"https:\/\/plinko77.com\/#organization","name":"Plinko 77","url":"https:\/\/plinko77.com\/","logo":{"@type":"ImageObject","inLanguage":"de","@id":"https:\/\/plinko77.com\/#\/schema\/logo\/image\/","url":"https:\/\/plinko77.com\/wp-content\/uploads\/2024\/08\/bf87083d-0832-4959-866f-0192bcfe0ba1-min.png","contentUrl":"https:\/\/plinko77.com\/wp-content\/uploads\/2024\/08\/bf87083d-0832-4959-866f-0192bcfe0ba1-min.png","width":866,"height":343,"caption":"Plinko 77"},"image":{"@id":"https:\/\/plinko77.com\/#\/schema\/logo\/image\/"}}]}},"_links":{"self":[{"href":"https:\/\/plinko77.com\/de\/wp-json\/wp\/v2\/pages\/1663","targetHints":{"allow":["GET"]}}],"collection":[{"href":"https:\/\/plinko77.com\/de\/wp-json\/wp\/v2\/pages"}],"about":[{"href":"https:\/\/plinko77.com\/de\/wp-json\/wp\/v2\/types\/page"}],"author":[{"embeddable":true,"href":"https:\/\/plinko77.com\/de\/wp-json\/wp\/v2\/users\/1"}],"replies":[{"embeddable":true,"href":"https:\/\/plinko77.com\/de\/wp-json\/wp\/v2\/comments?post=1663"}],"version-history":[{"count":4,"href":"https:\/\/plinko77.com\/de\/wp-json\/wp\/v2\/pages\/1663\/revisions"}],"predecessor-version":[{"id":1667,"href":"https:\/\/plinko77.com\/de\/wp-json\/wp\/v2\/pages\/1663\/revisions\/1667"}],"wp:featuredmedia":[{"embeddable":true,"href":"https:\/\/plinko77.com\/de\/wp-json\/wp\/v2\/media\/1538"}],"wp:attachment":[{"href":"https:\/\/plinko77.com\/de\/wp-json\/wp\/v2\/media?parent=1663"}],"curies":[{"name":"wp","href":"https:\/\/api.w.org\/{rel}","templated":true}]}}